{"id":534,"date":"2025-01-30T18:19:18","date_gmt":"2025-01-31T00:19:18","guid":{"rendered":"https:\/\/blindside.mx\/?post_type=product&#038;p=534"},"modified":"2025-05-19T14:50:16","modified_gmt":"2025-05-19T20:50:16","slug":"metodo-para-growth-marketing","status":"publish","type":"product","link":"https:\/\/blindside.mx\/en\/curso\/metodo-para-growth-marketing\/","title":{"rendered":"M\u00c9TODO PARA GROWTH MARKETING"},"content":{"rendered":"<p>The\u00a0<strong>Growth Marketing<\/strong>\u00a0is a methodology that combines creativity, data analysis and experimentation to accelerate business growth. Unlike traditional marketing, it focuses on optimizing the entire sales funnel (from acquisition to retention) through constant testing and data-driven decisions.<\/p>\n<h4><strong>Skills you will learn:<\/strong><\/h4>\n<ul>\n<li>Design and execution of growth experiments.<\/li>\n<li>Analysis of metrics and data to make strategic decisions.<\/li>\n<li>Conversion funnel optimization and customer retention.<\/li>\n<li>Use of digital tools for automation and segmentation.<\/li>\n<li>\n<div>Creation of high-impact innovative campaigns.<\/div>\n<\/li>\n<\/ul>\n<h4><strong>Benefits for the Entrepreneur:<\/strong><\/h4>\n<p><img loading=\"lazy\" decoding=\"async\" class=\"alignnone\" draggable=\"false\" src=\"https:\/\/fonts.gstatic.com\/s\/e\/notoemoji\/16.0\/1f680\/32.png\" alt=\"\ud83d\ude80\" width=\"16\" height=\"16\" data-emoji=\"\ud83d\ude80\" aria-label=\"\ud83d\ude80\" \/>\u00a0Accelerate the growth of your business in a sustainable way.<br \/>\n<img loading=\"lazy\" decoding=\"async\" class=\"alignnone\" draggable=\"false\" src=\"https:\/\/fonts.gstatic.com\/s\/e\/notoemoji\/16.0\/1f4ca\/32.png\" alt=\"\ud83d\udcca\" width=\"19\" height=\"19\" data-emoji=\"\ud83d\udcca\" aria-label=\"\ud83d\udcca\" \/>\u00a0Optimize resources and increase marketing ROI.<br \/>\n<img loading=\"lazy\" decoding=\"async\" class=\"alignnone\" draggable=\"false\" src=\"https:\/\/fonts.gstatic.com\/s\/e\/notoemoji\/16.0\/1f50d\/32.png\" alt=\"\ud83d\udd0d\" width=\"16\" height=\"16\" data-emoji=\"\ud83d\udd0d\" aria-label=\"\ud83d\udd0d\" \/>\u00a0Better understand your customers and improve their experience.<br \/>\n<img loading=\"lazy\" decoding=\"async\" class=\"alignnone\" draggable=\"false\" src=\"https:\/\/fonts.gstatic.com\/s\/e\/notoemoji\/16.0\/1f4a1\/32.png\" alt=\"\ud83d\udca1\" width=\"16\" height=\"16\" data-emoji=\"\ud83d\udca1\" aria-label=\"\ud83d\udca1\" \/>\u00a0Implement proven strategies to scale your business.<br \/>\n<img loading=\"lazy\" decoding=\"async\" class=\"alignnone\" draggable=\"false\" src=\"https:\/\/fonts.gstatic.com\/s\/e\/notoemoji\/16.0\/1f504\/32.png\" alt=\"\ud83d\udd04\" width=\"16\" height=\"16\" data-emoji=\"\ud83d\udd04\" aria-label=\"\ud83d\udd04\" \/> Adapt quickly to market changes with data-driven decisions.<\/p>\n<p>&nbsp;<\/p>\n<p>This course will give you a practical and actionable approach so you can implement Growth Marketing in your company and get real results. Turn growth into a predictable and scalable process! <img loading=\"lazy\" decoding=\"async\" class=\"alignnone\" draggable=\"false\" src=\"https:\/\/fonts.gstatic.com\/s\/e\/notoemoji\/16.0\/1f680\/32.png\" alt=\"\ud83d\ude80\" width=\"16\" height=\"16\" data-emoji=\"\ud83d\ude80\" aria-label=\"\ud83d\ude80\" \/><\/p>","protected":false},"excerpt":{"rendered":"<p><strong>What you will learn:<\/strong> To design and execute growth experiments, optimize conversion funnels and make strategic data-driven decisions to scale your business sustainably.<\/p>","protected":false},"featured_media":304,"template":"","meta":[],"product_brand":[],"product_cat":[29],"product_tag":[],"class_list":{"0":"post-534","1":"product","2":"type-product","3":"status-publish","4":"has-post-thumbnail","6":"product_cat-estrategias-de-mercado","8":"first","9":"instock","10":"taxable","11":"shipping-taxable","12":"purchasable","13":"product-type-simple"},"yoast_head":"<!-- This site is optimized with the Yoast SEO plugin v27.4 - https:\/\/yoast.com\/product\/yoast-seo-wordpress\/ -->\n<title>M\u00c9TODO PARA GROWTH MARKETING - Blind Side<\/title>\n<meta name=\"description\" content=\"Aprende Growth Marketing con un enfoque pr\u00e1ctico. Optimiza embudos, analiza m\u00e9tricas y ejecuta estrategias basadas en datos para acelerar tu negocio.\" \/>\n<meta name=\"robots\" content=\"index, follow, max-snippet:-1, max-image-preview:large, max-video-preview:-1\" \/>\n<link rel=\"canonical\" href=\"https:\/\/blindside.mx\/en\/curso\/metodo-para-growth-marketing\/\" \/>\n<meta property=\"og:locale\" content=\"en_US\" \/>\n<meta property=\"og:type\" content=\"article\" \/>\n<meta property=\"og:title\" content=\"M\u00c9TODO PARA GROWTH MARKETING - Blind Side\" \/>\n<meta property=\"og:description\" content=\"Aprende Growth Marketing con un enfoque pr\u00e1ctico. Optimiza embudos, analiza m\u00e9tricas y ejecuta estrategias basadas en datos para acelerar tu negocio.\" \/>\n<meta property=\"og:url\" content=\"https:\/\/blindside.mx\/en\/curso\/metodo-para-growth-marketing\/\" \/>\n<meta property=\"og:site_name\" content=\"Blind Side\" \/>\n<meta property=\"article:modified_time\" content=\"2025-05-19T20:50:16+00:00\" \/>\n<meta property=\"og:image\" content=\"https:\/\/blindside.mx\/wp-content\/uploads\/2024\/10\/10.webp\" \/>\n\t<meta property=\"og:image:width\" content=\"834\" \/>\n\t<meta property=\"og:image:height\" content=\"609\" \/>\n\t<meta property=\"og:image:type\" content=\"image\/webp\" \/>\n<meta name=\"twitter:card\" content=\"summary_large_image\" \/>\n<meta name=\"twitter:label1\" content=\"Est. reading time\" \/>\n\t<meta name=\"twitter:data1\" content=\"3 minutes\" \/>\n<script type=\"application\/ld+json\" class=\"yoast-schema-graph\">{\"@context\":\"https:\\\/\\\/schema.org\",\"@graph\":[{\"@type\":\"WebPage\",\"@id\":\"https:\\\/\\\/blindside.mx\\\/curso\\\/metodo-para-growth-marketing\\\/\",\"url\":\"https:\\\/\\\/blindside.mx\\\/curso\\\/metodo-para-growth-marketing\\\/\",\"name\":\"M\u00c9TODO PARA GROWTH MARKETING - Blind Side\",\"isPartOf\":{\"@id\":\"https:\\\/\\\/blindside.mx\\\/#website\"},\"primaryImageOfPage\":{\"@id\":\"https:\\\/\\\/blindside.mx\\\/curso\\\/metodo-para-growth-marketing\\\/#primaryimage\"},\"image\":{\"@id\":\"https:\\\/\\\/blindside.mx\\\/curso\\\/metodo-para-growth-marketing\\\/#primaryimage\"},\"thumbnailUrl\":\"https:\\\/\\\/blindside.mx\\\/wp-content\\\/uploads\\\/2024\\\/10\\\/10.webp\",\"datePublished\":\"2025-01-31T00:19:18+00:00\",\"dateModified\":\"2025-05-19T20:50:16+00:00\",\"description\":\"Aprende Growth Marketing con un enfoque pr\u00e1ctico. Optimiza embudos, analiza m\u00e9tricas y ejecuta estrategias basadas en datos para acelerar tu negocio.\",\"breadcrumb\":{\"@id\":\"https:\\\/\\\/blindside.mx\\\/curso\\\/metodo-para-growth-marketing\\\/#breadcrumb\"},\"inLanguage\":\"en-US\",\"potentialAction\":[{\"@type\":\"ReadAction\",\"target\":[\"https:\\\/\\\/blindside.mx\\\/curso\\\/metodo-para-growth-marketing\\\/\"]}]},{\"@type\":\"ImageObject\",\"inLanguage\":\"en-US\",\"@id\":\"https:\\\/\\\/blindside.mx\\\/curso\\\/metodo-para-growth-marketing\\\/#primaryimage\",\"url\":\"https:\\\/\\\/blindside.mx\\\/wp-content\\\/uploads\\\/2024\\\/10\\\/10.webp\",\"contentUrl\":\"https:\\\/\\\/blindside.mx\\\/wp-content\\\/uploads\\\/2024\\\/10\\\/10.webp\",\"width\":834,\"height\":609},{\"@type\":\"BreadcrumbList\",\"@id\":\"https:\\\/\\\/blindside.mx\\\/curso\\\/metodo-para-growth-marketing\\\/#breadcrumb\",\"itemListElement\":[{\"@type\":\"ListItem\",\"position\":1,\"name\":\"Inicio\",\"item\":\"https:\\\/\\\/blindside.mx\\\/\"},{\"@type\":\"ListItem\",\"position\":2,\"name\":\"Cursos\",\"item\":\"https:\\\/\\\/blindside.mx\\\/cursos\\\/\"},{\"@type\":\"ListItem\",\"position\":3,\"name\":\"M\u00c9TODO PARA GROWTH MARKETING\"}]},{\"@type\":\"WebSite\",\"@id\":\"https:\\\/\\\/blindside.mx\\\/#website\",\"url\":\"https:\\\/\\\/blindside.mx\\\/\",\"name\":\"woo mod checkout\",\"description\":\"\",\"publisher\":{\"@id\":\"https:\\\/\\\/blindside.mx\\\/#organization\"},\"potentialAction\":[{\"@type\":\"SearchAction\",\"target\":{\"@type\":\"EntryPoint\",\"urlTemplate\":\"https:\\\/\\\/blindside.mx\\\/?s={search_term_string}\"},\"query-input\":{\"@type\":\"PropertyValueSpecification\",\"valueRequired\":true,\"valueName\":\"search_term_string\"}}],\"inLanguage\":\"en-US\"},{\"@type\":\"Organization\",\"@id\":\"https:\\\/\\\/blindside.mx\\\/#organization\",\"name\":\"woo mod checkout\",\"url\":\"https:\\\/\\\/blindside.mx\\\/\",\"logo\":{\"@type\":\"ImageObject\",\"inLanguage\":\"en-US\",\"@id\":\"https:\\\/\\\/blindside.mx\\\/#\\\/schema\\\/logo\\\/image\\\/\",\"url\":\"https:\\\/\\\/blindside.mx\\\/wp-content\\\/uploads\\\/2024\\\/10\\\/42650947.png\",\"contentUrl\":\"https:\\\/\\\/blindside.mx\\\/wp-content\\\/uploads\\\/2024\\\/10\\\/42650947.png\",\"width\":345,\"height\":345,\"caption\":\"woo mod checkout\"},\"image\":{\"@id\":\"https:\\\/\\\/blindside.mx\\\/#\\\/schema\\\/logo\\\/image\\\/\"}}]}<\/script>\n<!-- \/ Yoast SEO plugin. -->","yoast_head_json":{"title":"M\u00c9TODO PARA GROWTH MARKETING - Blind Side","description":"Aprende Growth Marketing con un enfoque pr\u00e1ctico. Optimiza embudos, analiza m\u00e9tricas y ejecuta estrategias basadas en datos para acelerar tu negocio.","robots":{"index":"index","follow":"follow","max-snippet":"max-snippet:-1","max-image-preview":"max-image-preview:large","max-video-preview":"max-video-preview:-1"},"canonical":"https:\/\/blindside.mx\/en\/curso\/metodo-para-growth-marketing\/","og_locale":"en_US","og_type":"article","og_title":"M\u00c9TODO PARA GROWTH MARKETING - Blind Side","og_description":"Aprende Growth Marketing con un enfoque pr\u00e1ctico. Optimiza embudos, analiza m\u00e9tricas y ejecuta estrategias basadas en datos para acelerar tu negocio.","og_url":"https:\/\/blindside.mx\/en\/curso\/metodo-para-growth-marketing\/","og_site_name":"Blind Side","article_modified_time":"2025-05-19T20:50:16+00:00","og_image":[{"width":834,"height":609,"url":"https:\/\/blindside.mx\/wp-content\/uploads\/2024\/10\/10.webp","type":"image\/webp"}],"twitter_card":"summary_large_image","twitter_misc":{"Est. reading time":"3 minutes"},"schema":{"@context":"https:\/\/schema.org","@graph":[{"@type":"WebPage","@id":"https:\/\/blindside.mx\/curso\/metodo-para-growth-marketing\/","url":"https:\/\/blindside.mx\/curso\/metodo-para-growth-marketing\/","name":"M\u00c9TODO PARA GROWTH MARKETING - Blind Side","isPartOf":{"@id":"https:\/\/blindside.mx\/#website"},"primaryImageOfPage":{"@id":"https:\/\/blindside.mx\/curso\/metodo-para-growth-marketing\/#primaryimage"},"image":{"@id":"https:\/\/blindside.mx\/curso\/metodo-para-growth-marketing\/#primaryimage"},"thumbnailUrl":"https:\/\/blindside.mx\/wp-content\/uploads\/2024\/10\/10.webp","datePublished":"2025-01-31T00:19:18+00:00","dateModified":"2025-05-19T20:50:16+00:00","description":"Aprende Growth Marketing con un enfoque pr\u00e1ctico. Optimiza embudos, analiza m\u00e9tricas y ejecuta estrategias basadas en datos para acelerar tu negocio.","breadcrumb":{"@id":"https:\/\/blindside.mx\/curso\/metodo-para-growth-marketing\/#breadcrumb"},"inLanguage":"en-US","potentialAction":[{"@type":"ReadAction","target":["https:\/\/blindside.mx\/curso\/metodo-para-growth-marketing\/"]}]},{"@type":"ImageObject","inLanguage":"en-US","@id":"https:\/\/blindside.mx\/curso\/metodo-para-growth-marketing\/#primaryimage","url":"https:\/\/blindside.mx\/wp-content\/uploads\/2024\/10\/10.webp","contentUrl":"https:\/\/blindside.mx\/wp-content\/uploads\/2024\/10\/10.webp","width":834,"height":609},{"@type":"BreadcrumbList","@id":"https:\/\/blindside.mx\/curso\/metodo-para-growth-marketing\/#breadcrumb","itemListElement":[{"@type":"ListItem","position":1,"name":"Inicio","item":"https:\/\/blindside.mx\/"},{"@type":"ListItem","position":2,"name":"Cursos","item":"https:\/\/blindside.mx\/cursos\/"},{"@type":"ListItem","position":3,"name":"M\u00c9TODO PARA GROWTH MARKETING"}]},{"@type":"WebSite","@id":"https:\/\/blindside.mx\/#website","url":"https:\/\/blindside.mx\/","name":"woo mod checkout","description":"","publisher":{"@id":"https:\/\/blindside.mx\/#organization"},"potentialAction":[{"@type":"SearchAction","target":{"@type":"EntryPoint","urlTemplate":"https:\/\/blindside.mx\/?s={search_term_string}"},"query-input":{"@type":"PropertyValueSpecification","valueRequired":true,"valueName":"search_term_string"}}],"inLanguage":"en-US"},{"@type":"Organization","@id":"https:\/\/blindside.mx\/#organization","name":"woo mod checkout","url":"https:\/\/blindside.mx\/","logo":{"@type":"ImageObject","inLanguage":"en-US","@id":"https:\/\/blindside.mx\/#\/schema\/logo\/image\/","url":"https:\/\/blindside.mx\/wp-content\/uploads\/2024\/10\/42650947.png","contentUrl":"https:\/\/blindside.mx\/wp-content\/uploads\/2024\/10\/42650947.png","width":345,"height":345,"caption":"woo mod checkout"},"image":{"@id":"https:\/\/blindside.mx\/#\/schema\/logo\/image\/"}}]}},"_links":{"self":[{"href":"https:\/\/blindside.mx\/en\/wp-json\/wp\/v2\/product\/534","targetHints":{"allow":["GET"]}}],"collection":[{"href":"https:\/\/blindside.mx\/en\/wp-json\/wp\/v2\/product"}],"about":[{"href":"https:\/\/blindside.mx\/en\/wp-json\/wp\/v2\/types\/product"}],"wp:featuredmedia":[{"embeddable":true,"href":"https:\/\/blindside.mx\/en\/wp-json\/wp\/v2\/media\/304"}],"wp:attachment":[{"href":"https:\/\/blindside.mx\/en\/wp-json\/wp\/v2\/media?parent=534"}],"wp:term":[{"taxonomy":"product_brand","embeddable":true,"href":"https:\/\/blindside.mx\/en\/wp-json\/wp\/v2\/product_brand?post=534"},{"taxonomy":"product_cat","embeddable":true,"href":"https:\/\/blindside.mx\/en\/wp-json\/wp\/v2\/product_cat?post=534"},{"taxonomy":"product_tag","embeddable":true,"href":"https:\/\/blindside.mx\/en\/wp-json\/wp\/v2\/product_tag?post=534"}],"curies":[{"name":"wp","href":"https:\/\/api.w.org\/{rel}","templated":true}]}}