{"id":315,"date":"2024-10-30T19:14:09","date_gmt":"2024-10-31T01:14:09","guid":{"rendered":"https:\/\/blindside.mx\/?post_type=product&#038;p=315"},"modified":"2025-05-19T14:53:28","modified_gmt":"2025-05-19T20:53:28","slug":"estrategia-credito-y-cobranza","status":"publish","type":"product","link":"https:\/\/blindside.mx\/en\/curso\/estrategia-credito-y-cobranza\/","title":{"rendered":"Strategy: CREDIT AND COLLECTION"},"content":{"rendered":"<h4>Topics<\/h4>\n<p>The methodology provides company leaders with guidelines for establishing collection policies and methods.<\/p>\n<h4>Objectives<\/h4>\n<ul>\n<li>Minimize the risk of non-payment and\/or late payment.<\/li>\n<li>Optimizar el flujo de efectivo por medio de mejoras cr\u00edticas en la conversi\u00f3n a efectivo de las cuentas por cobrar.<\/li>\n<li>The leader is no good if he fails to convey his ideas and instructions clearly.<\/li>\n<\/ul>\n<h4>Deliverable<\/h4>\n<ul>\n<li>Blind Side delivers a methodological document that allows for understanding and transmission of ideas.<\/li>\n<\/ul>\n<h4>Duration<\/h4>\n<ul>\n<li>Deadline of 2 weeks.<\/li>\n<\/ul>\n<h4>How are the sessions conducted?<\/h4>\n<ol>\n<li>Initial data collection and brainstorming session.<\/li>\n<li>Conferencia para preguntas y respuestas y afinar detalles.<\/li>\n<li>Delivery, explanation and knowledge transfer meeting.<\/li>\n<\/ol>","protected":false},"excerpt":{"rendered":"<p><b>What you will learn: <\/b><span style=\"font-weight: 400;\">To minimize delinquency risks and improve cash flow through efficient collection practices.<\/span><\/p>","protected":false},"featured_media":301,"template":"","meta":[],"product_brand":[],"product_cat":[28],"product_tag":[],"class_list":{"0":"post-315","1":"product","2":"type-product","3":"status-publish","4":"has-post-thumbnail","6":"product_cat-gestion-de-creditos-y-cobranza","8":"first","9":"instock","10":"sold-individually","11":"taxable","12":"shipping-taxable","13":"purchasable","14":"product-type-simple"},"yoast_head":"<!-- This site is optimized with the Yoast SEO plugin v27.4 - https:\/\/yoast.com\/product\/yoast-seo-wordpress\/ -->\n<title>Estrategia: CR\u00c9DITO Y COBRANZA - Blind Side<\/title>\n<meta name=\"description\" content=\"Ofrece lineamientos claros para establecer pol\u00edticas de cr\u00e9dito y cobranza efectivas mejorando en el flujo de caja y reducci\u00f3n de riesgos financieros.\" \/>\n<meta name=\"robots\" content=\"index, follow, max-snippet:-1, max-image-preview:large, max-video-preview:-1\" \/>\n<link rel=\"canonical\" href=\"https:\/\/blindside.mx\/en\/curso\/estrategia-credito-y-cobranza\/\" \/>\n<meta property=\"og:locale\" content=\"en_US\" \/>\n<meta property=\"og:type\" content=\"article\" \/>\n<meta property=\"og:title\" content=\"Estrategia: CR\u00c9DITO Y COBRANZA - Blind Side\" \/>\n<meta property=\"og:description\" content=\"Ofrece lineamientos claros para establecer pol\u00edticas de cr\u00e9dito y cobranza efectivas mejorando en el flujo de caja y reducci\u00f3n de riesgos financieros.\" \/>\n<meta property=\"og:url\" content=\"https:\/\/blindside.mx\/en\/curso\/estrategia-credito-y-cobranza\/\" \/>\n<meta property=\"og:site_name\" content=\"Blind Side\" \/>\n<meta property=\"article:modified_time\" content=\"2025-05-19T20:53:28+00:00\" \/>\n<meta property=\"og:image\" content=\"https:\/\/blindside.mx\/wp-content\/uploads\/2024\/10\/7.webp\" \/>\n\t<meta property=\"og:image:width\" content=\"834\" \/>\n\t<meta property=\"og:image:height\" content=\"609\" \/>\n\t<meta property=\"og:image:type\" content=\"image\/webp\" \/>\n<meta name=\"twitter:card\" content=\"summary_large_image\" \/>\n<meta name=\"twitter:label1\" content=\"Est. reading time\" \/>\n\t<meta name=\"twitter:data1\" content=\"1 minute\" \/>\n<script type=\"application\/ld+json\" class=\"yoast-schema-graph\">{\"@context\":\"https:\\\/\\\/schema.org\",\"@graph\":[{\"@type\":\"WebPage\",\"@id\":\"https:\\\/\\\/blindside.mx\\\/curso\\\/estrategia-credito-y-cobranza\\\/\",\"url\":\"https:\\\/\\\/blindside.mx\\\/curso\\\/estrategia-credito-y-cobranza\\\/\",\"name\":\"Estrategia: CR\u00c9DITO Y COBRANZA - Blind Side\",\"isPartOf\":{\"@id\":\"https:\\\/\\\/blindside.mx\\\/#website\"},\"primaryImageOfPage\":{\"@id\":\"https:\\\/\\\/blindside.mx\\\/curso\\\/estrategia-credito-y-cobranza\\\/#primaryimage\"},\"image\":{\"@id\":\"https:\\\/\\\/blindside.mx\\\/curso\\\/estrategia-credito-y-cobranza\\\/#primaryimage\"},\"thumbnailUrl\":\"https:\\\/\\\/blindside.mx\\\/wp-content\\\/uploads\\\/2024\\\/10\\\/7.webp\",\"datePublished\":\"2024-10-31T01:14:09+00:00\",\"dateModified\":\"2025-05-19T20:53:28+00:00\",\"description\":\"Ofrece lineamientos claros para establecer pol\u00edticas de cr\u00e9dito y cobranza efectivas mejorando en el flujo de caja y reducci\u00f3n de riesgos financieros.\",\"breadcrumb\":{\"@id\":\"https:\\\/\\\/blindside.mx\\\/curso\\\/estrategia-credito-y-cobranza\\\/#breadcrumb\"},\"inLanguage\":\"en-US\",\"potentialAction\":[{\"@type\":\"ReadAction\",\"target\":[\"https:\\\/\\\/blindside.mx\\\/curso\\\/estrategia-credito-y-cobranza\\\/\"]}]},{\"@type\":\"ImageObject\",\"inLanguage\":\"en-US\",\"@id\":\"https:\\\/\\\/blindside.mx\\\/curso\\\/estrategia-credito-y-cobranza\\\/#primaryimage\",\"url\":\"https:\\\/\\\/blindside.mx\\\/wp-content\\\/uploads\\\/2024\\\/10\\\/7.webp\",\"contentUrl\":\"https:\\\/\\\/blindside.mx\\\/wp-content\\\/uploads\\\/2024\\\/10\\\/7.webp\",\"width\":834,\"height\":609},{\"@type\":\"BreadcrumbList\",\"@id\":\"https:\\\/\\\/blindside.mx\\\/curso\\\/estrategia-credito-y-cobranza\\\/#breadcrumb\",\"itemListElement\":[{\"@type\":\"ListItem\",\"position\":1,\"name\":\"Inicio\",\"item\":\"https:\\\/\\\/blindside.mx\\\/\"},{\"@type\":\"ListItem\",\"position\":2,\"name\":\"Cursos\",\"item\":\"https:\\\/\\\/blindside.mx\\\/cursos\\\/\"},{\"@type\":\"ListItem\",\"position\":3,\"name\":\"Estrategia: CR\u00c9DITO Y COBRANZA\"}]},{\"@type\":\"WebSite\",\"@id\":\"https:\\\/\\\/blindside.mx\\\/#website\",\"url\":\"https:\\\/\\\/blindside.mx\\\/\",\"name\":\"woo mod checkout\",\"description\":\"\",\"publisher\":{\"@id\":\"https:\\\/\\\/blindside.mx\\\/#organization\"},\"potentialAction\":[{\"@type\":\"SearchAction\",\"target\":{\"@type\":\"EntryPoint\",\"urlTemplate\":\"https:\\\/\\\/blindside.mx\\\/?s={search_term_string}\"},\"query-input\":{\"@type\":\"PropertyValueSpecification\",\"valueRequired\":true,\"valueName\":\"search_term_string\"}}],\"inLanguage\":\"en-US\"},{\"@type\":\"Organization\",\"@id\":\"https:\\\/\\\/blindside.mx\\\/#organization\",\"name\":\"woo mod checkout\",\"url\":\"https:\\\/\\\/blindside.mx\\\/\",\"logo\":{\"@type\":\"ImageObject\",\"inLanguage\":\"en-US\",\"@id\":\"https:\\\/\\\/blindside.mx\\\/#\\\/schema\\\/logo\\\/image\\\/\",\"url\":\"https:\\\/\\\/blindside.mx\\\/wp-content\\\/uploads\\\/2024\\\/10\\\/42650947.png\",\"contentUrl\":\"https:\\\/\\\/blindside.mx\\\/wp-content\\\/uploads\\\/2024\\\/10\\\/42650947.png\",\"width\":345,\"height\":345,\"caption\":\"woo mod checkout\"},\"image\":{\"@id\":\"https:\\\/\\\/blindside.mx\\\/#\\\/schema\\\/logo\\\/image\\\/\"}}]}<\/script>\n<!-- \/ Yoast SEO plugin. -->","yoast_head_json":{"title":"Estrategia: CR\u00c9DITO Y COBRANZA - Blind Side","description":"Ofrece lineamientos claros para establecer pol\u00edticas de cr\u00e9dito y cobranza efectivas mejorando en el flujo de caja y reducci\u00f3n de riesgos financieros.","robots":{"index":"index","follow":"follow","max-snippet":"max-snippet:-1","max-image-preview":"max-image-preview:large","max-video-preview":"max-video-preview:-1"},"canonical":"https:\/\/blindside.mx\/en\/curso\/estrategia-credito-y-cobranza\/","og_locale":"en_US","og_type":"article","og_title":"Estrategia: CR\u00c9DITO Y COBRANZA - Blind Side","og_description":"Ofrece lineamientos claros para establecer pol\u00edticas de cr\u00e9dito y cobranza efectivas mejorando en el flujo de caja y reducci\u00f3n de riesgos financieros.","og_url":"https:\/\/blindside.mx\/en\/curso\/estrategia-credito-y-cobranza\/","og_site_name":"Blind Side","article_modified_time":"2025-05-19T20:53:28+00:00","og_image":[{"width":834,"height":609,"url":"https:\/\/blindside.mx\/wp-content\/uploads\/2024\/10\/7.webp","type":"image\/webp"}],"twitter_card":"summary_large_image","twitter_misc":{"Est. reading time":"1 minute"},"schema":{"@context":"https:\/\/schema.org","@graph":[{"@type":"WebPage","@id":"https:\/\/blindside.mx\/curso\/estrategia-credito-y-cobranza\/","url":"https:\/\/blindside.mx\/curso\/estrategia-credito-y-cobranza\/","name":"Estrategia: CR\u00c9DITO Y COBRANZA - Blind Side","isPartOf":{"@id":"https:\/\/blindside.mx\/#website"},"primaryImageOfPage":{"@id":"https:\/\/blindside.mx\/curso\/estrategia-credito-y-cobranza\/#primaryimage"},"image":{"@id":"https:\/\/blindside.mx\/curso\/estrategia-credito-y-cobranza\/#primaryimage"},"thumbnailUrl":"https:\/\/blindside.mx\/wp-content\/uploads\/2024\/10\/7.webp","datePublished":"2024-10-31T01:14:09+00:00","dateModified":"2025-05-19T20:53:28+00:00","description":"Ofrece lineamientos claros para establecer pol\u00edticas de cr\u00e9dito y cobranza efectivas mejorando en el flujo de caja y reducci\u00f3n de riesgos financieros.","breadcrumb":{"@id":"https:\/\/blindside.mx\/curso\/estrategia-credito-y-cobranza\/#breadcrumb"},"inLanguage":"en-US","potentialAction":[{"@type":"ReadAction","target":["https:\/\/blindside.mx\/curso\/estrategia-credito-y-cobranza\/"]}]},{"@type":"ImageObject","inLanguage":"en-US","@id":"https:\/\/blindside.mx\/curso\/estrategia-credito-y-cobranza\/#primaryimage","url":"https:\/\/blindside.mx\/wp-content\/uploads\/2024\/10\/7.webp","contentUrl":"https:\/\/blindside.mx\/wp-content\/uploads\/2024\/10\/7.webp","width":834,"height":609},{"@type":"BreadcrumbList","@id":"https:\/\/blindside.mx\/curso\/estrategia-credito-y-cobranza\/#breadcrumb","itemListElement":[{"@type":"ListItem","position":1,"name":"Inicio","item":"https:\/\/blindside.mx\/"},{"@type":"ListItem","position":2,"name":"Cursos","item":"https:\/\/blindside.mx\/cursos\/"},{"@type":"ListItem","position":3,"name":"Estrategia: CR\u00c9DITO Y COBRANZA"}]},{"@type":"WebSite","@id":"https:\/\/blindside.mx\/#website","url":"https:\/\/blindside.mx\/","name":"woo mod checkout","description":"","publisher":{"@id":"https:\/\/blindside.mx\/#organization"},"potentialAction":[{"@type":"SearchAction","target":{"@type":"EntryPoint","urlTemplate":"https:\/\/blindside.mx\/?s={search_term_string}"},"query-input":{"@type":"PropertyValueSpecification","valueRequired":true,"valueName":"search_term_string"}}],"inLanguage":"en-US"},{"@type":"Organization","@id":"https:\/\/blindside.mx\/#organization","name":"woo mod checkout","url":"https:\/\/blindside.mx\/","logo":{"@type":"ImageObject","inLanguage":"en-US","@id":"https:\/\/blindside.mx\/#\/schema\/logo\/image\/","url":"https:\/\/blindside.mx\/wp-content\/uploads\/2024\/10\/42650947.png","contentUrl":"https:\/\/blindside.mx\/wp-content\/uploads\/2024\/10\/42650947.png","width":345,"height":345,"caption":"woo mod checkout"},"image":{"@id":"https:\/\/blindside.mx\/#\/schema\/logo\/image\/"}}]}},"_links":{"self":[{"href":"https:\/\/blindside.mx\/en\/wp-json\/wp\/v2\/product\/315","targetHints":{"allow":["GET"]}}],"collection":[{"href":"https:\/\/blindside.mx\/en\/wp-json\/wp\/v2\/product"}],"about":[{"href":"https:\/\/blindside.mx\/en\/wp-json\/wp\/v2\/types\/product"}],"wp:featuredmedia":[{"embeddable":true,"href":"https:\/\/blindside.mx\/en\/wp-json\/wp\/v2\/media\/301"}],"wp:attachment":[{"href":"https:\/\/blindside.mx\/en\/wp-json\/wp\/v2\/media?parent=315"}],"wp:term":[{"taxonomy":"product_brand","embeddable":true,"href":"https:\/\/blindside.mx\/en\/wp-json\/wp\/v2\/product_brand?post=315"},{"taxonomy":"product_cat","embeddable":true,"href":"https:\/\/blindside.mx\/en\/wp-json\/wp\/v2\/product_cat?post=315"},{"taxonomy":"product_tag","embeddable":true,"href":"https:\/\/blindside.mx\/en\/wp-json\/wp\/v2\/product_tag?post=315"}],"curies":[{"name":"wp","href":"https:\/\/api.w.org\/{rel}","templated":true}]}}