{"id":307,"date":"2024-10-30T19:08:07","date_gmt":"2024-10-31T01:08:07","guid":{"rendered":"https:\/\/blindside.mx\/?post_type=product&#038;p=307"},"modified":"2025-05-19T14:52:48","modified_gmt":"2025-05-19T20:52:48","slug":"estrategia-planeacion-de-organigrama","status":"publish","type":"product","link":"https:\/\/blindside.mx\/en\/curso\/estrategia-planeacion-de-organigrama\/","title":{"rendered":"Strategy: ORGANIZATIONAL PLANNING"},"content":{"rendered":"<h4>Topics<\/h4>\n<p>The methodology gives business leaders the knowledge to convert business strategy into an effective organizational chart.<\/p>\n<h4>Objectives<\/h4>\n<ul>\n<li>Traducir la estrategia a un organigrama para ayudar a definir responsabilidades espec\u00edficas, asegurando que cada miembro del equipo sepa qu\u00e9 se espera de ellos.<\/li>\n<li>Garantizar que la estructura organizacional est\u00e9 dise\u00f1ada para cumplir directamente con los objetivos estrat\u00e9gicos, maximizando la eficiencia.<\/li>\n<li>Identificar redundancias o brechas en la estructura, asegurando que los recursos humanos y materiales se utilicen de manera \u00f3ptima.<\/li>\n<li>Alinear la estructura con la estrategia, de manera que los l\u00edderes pueden tomar decisiones m\u00e1s r\u00e1pidas y efectivas.<\/li>\n<li>Vincular cada nivel del organigrama con objetivos estrat\u00e9gicos, asegurando que todos los empleados rindan cuentas por sus contribuciones.<\/li>\n<\/ul>\n<h4>Deliverable<\/h4>\n<ul>\n<li>Blind Side delivers a methodological document that allows for understanding and transmission of ideas.<\/li>\n<\/ul>\n<h4>Duration<\/h4>\n<ul>\n<li>Deadline of 5 weeks.<\/li>\n<\/ul>\n<h4>How are the sessions conducted?<\/h4>\n<ol>\n<li>Initial data collection and brainstorming session.<\/li>\n<li>Conferencia para preguntas y respuestas y afinar detalles.<\/li>\n<li>Delivery, explanation and knowledge transfer meeting.<\/li>\n<\/ol>","protected":false},"excerpt":{"rendered":"<p><b>What you will learn: <\/b><span style=\"font-weight: 400;\">To design an organizational structure that is aligned with strategic objectives, improving efficiency and eliminating redundancies.<\/span><\/p>","protected":false},"featured_media":298,"template":"","meta":[],"product_brand":[],"product_cat":[26],"product_tag":[],"class_list":{"0":"post-307","1":"product","2":"type-product","3":"status-publish","4":"has-post-thumbnail","6":"product_cat-gobierno-corporativo-y-administracion","8":"first","9":"instock","10":"featured","11":"sold-individually","12":"taxable","13":"shipping-taxable","14":"purchasable","15":"product-type-simple"},"yoast_head":"<!-- This site is optimized with the Yoast SEO plugin v27.4 - https:\/\/yoast.com\/product\/yoast-seo-wordpress\/ -->\n<title>Estrategia: PLANEACI\u00d3N DE ORGANIGRAMA - Blind Side<\/title>\n<meta name=\"description\" content=\"Traduce la estrategia de la empresa a la planeaci\u00f3n de organigrama efectivo que optimiza recursos obteniendo una toma de decisiones m\u00e1s r\u00e1pida y efectiva, con responsabilidades claras para cada miembro del equipo.\" \/>\n<meta name=\"robots\" content=\"index, follow, max-snippet:-1, max-image-preview:large, max-video-preview:-1\" \/>\n<link rel=\"canonical\" href=\"https:\/\/blindside.mx\/en\/curso\/estrategia-planeacion-de-organigrama\/\" \/>\n<meta property=\"og:locale\" content=\"en_US\" \/>\n<meta property=\"og:type\" content=\"article\" \/>\n<meta property=\"og:title\" content=\"Estrategia: PLANEACI\u00d3N DE ORGANIGRAMA - Blind Side\" \/>\n<meta property=\"og:description\" content=\"Traduce la estrategia de la empresa a la planeaci\u00f3n de organigrama efectivo que optimiza recursos obteniendo una toma de decisiones m\u00e1s r\u00e1pida y efectiva, con responsabilidades claras para cada miembro del equipo.\" \/>\n<meta property=\"og:url\" content=\"https:\/\/blindside.mx\/en\/curso\/estrategia-planeacion-de-organigrama\/\" \/>\n<meta property=\"og:site_name\" content=\"Blind Side\" \/>\n<meta property=\"article:modified_time\" content=\"2025-05-19T20:52:48+00:00\" \/>\n<meta property=\"og:image\" content=\"https:\/\/blindside.mx\/wp-content\/uploads\/2024\/10\/4.webp\" \/>\n\t<meta property=\"og:image:width\" content=\"834\" \/>\n\t<meta property=\"og:image:height\" content=\"609\" \/>\n\t<meta property=\"og:image:type\" content=\"image\/webp\" \/>\n<meta name=\"twitter:card\" content=\"summary_large_image\" \/>\n<meta name=\"twitter:label1\" content=\"Est. reading time\" \/>\n\t<meta name=\"twitter:data1\" content=\"1 minute\" \/>\n<script type=\"application\/ld+json\" class=\"yoast-schema-graph\">{\"@context\":\"https:\\\/\\\/schema.org\",\"@graph\":[{\"@type\":\"WebPage\",\"@id\":\"https:\\\/\\\/blindside.mx\\\/curso\\\/estrategia-planeacion-de-organigrama\\\/\",\"url\":\"https:\\\/\\\/blindside.mx\\\/curso\\\/estrategia-planeacion-de-organigrama\\\/\",\"name\":\"Estrategia: PLANEACI\u00d3N DE ORGANIGRAMA - Blind Side\",\"isPartOf\":{\"@id\":\"https:\\\/\\\/blindside.mx\\\/#website\"},\"primaryImageOfPage\":{\"@id\":\"https:\\\/\\\/blindside.mx\\\/curso\\\/estrategia-planeacion-de-organigrama\\\/#primaryimage\"},\"image\":{\"@id\":\"https:\\\/\\\/blindside.mx\\\/curso\\\/estrategia-planeacion-de-organigrama\\\/#primaryimage\"},\"thumbnailUrl\":\"https:\\\/\\\/blindside.mx\\\/wp-content\\\/uploads\\\/2024\\\/10\\\/4.webp\",\"datePublished\":\"2024-10-31T01:08:07+00:00\",\"dateModified\":\"2025-05-19T20:52:48+00:00\",\"description\":\"Traduce la estrategia de la empresa a la planeaci\u00f3n de organigrama efectivo que optimiza recursos obteniendo una toma de decisiones m\u00e1s r\u00e1pida y efectiva, con responsabilidades claras para cada miembro del equipo.\",\"breadcrumb\":{\"@id\":\"https:\\\/\\\/blindside.mx\\\/curso\\\/estrategia-planeacion-de-organigrama\\\/#breadcrumb\"},\"inLanguage\":\"en-US\",\"potentialAction\":[{\"@type\":\"ReadAction\",\"target\":[\"https:\\\/\\\/blindside.mx\\\/curso\\\/estrategia-planeacion-de-organigrama\\\/\"]}]},{\"@type\":\"ImageObject\",\"inLanguage\":\"en-US\",\"@id\":\"https:\\\/\\\/blindside.mx\\\/curso\\\/estrategia-planeacion-de-organigrama\\\/#primaryimage\",\"url\":\"https:\\\/\\\/blindside.mx\\\/wp-content\\\/uploads\\\/2024\\\/10\\\/4.webp\",\"contentUrl\":\"https:\\\/\\\/blindside.mx\\\/wp-content\\\/uploads\\\/2024\\\/10\\\/4.webp\",\"width\":834,\"height\":609},{\"@type\":\"BreadcrumbList\",\"@id\":\"https:\\\/\\\/blindside.mx\\\/curso\\\/estrategia-planeacion-de-organigrama\\\/#breadcrumb\",\"itemListElement\":[{\"@type\":\"ListItem\",\"position\":1,\"name\":\"Inicio\",\"item\":\"https:\\\/\\\/blindside.mx\\\/\"},{\"@type\":\"ListItem\",\"position\":2,\"name\":\"Cursos\",\"item\":\"https:\\\/\\\/blindside.mx\\\/cursos\\\/\"},{\"@type\":\"ListItem\",\"position\":3,\"name\":\"Estrategia: PLANEACI\u00d3N DE ORGANIGRAMA\"}]},{\"@type\":\"WebSite\",\"@id\":\"https:\\\/\\\/blindside.mx\\\/#website\",\"url\":\"https:\\\/\\\/blindside.mx\\\/\",\"name\":\"woo mod checkout\",\"description\":\"\",\"publisher\":{\"@id\":\"https:\\\/\\\/blindside.mx\\\/#organization\"},\"potentialAction\":[{\"@type\":\"SearchAction\",\"target\":{\"@type\":\"EntryPoint\",\"urlTemplate\":\"https:\\\/\\\/blindside.mx\\\/?s={search_term_string}\"},\"query-input\":{\"@type\":\"PropertyValueSpecification\",\"valueRequired\":true,\"valueName\":\"search_term_string\"}}],\"inLanguage\":\"en-US\"},{\"@type\":\"Organization\",\"@id\":\"https:\\\/\\\/blindside.mx\\\/#organization\",\"name\":\"woo mod checkout\",\"url\":\"https:\\\/\\\/blindside.mx\\\/\",\"logo\":{\"@type\":\"ImageObject\",\"inLanguage\":\"en-US\",\"@id\":\"https:\\\/\\\/blindside.mx\\\/#\\\/schema\\\/logo\\\/image\\\/\",\"url\":\"https:\\\/\\\/blindside.mx\\\/wp-content\\\/uploads\\\/2024\\\/10\\\/42650947.png\",\"contentUrl\":\"https:\\\/\\\/blindside.mx\\\/wp-content\\\/uploads\\\/2024\\\/10\\\/42650947.png\",\"width\":345,\"height\":345,\"caption\":\"woo mod checkout\"},\"image\":{\"@id\":\"https:\\\/\\\/blindside.mx\\\/#\\\/schema\\\/logo\\\/image\\\/\"}}]}<\/script>\n<!-- \/ Yoast SEO plugin. -->","yoast_head_json":{"title":"Estrategia: PLANEACI\u00d3N DE ORGANIGRAMA - Blind Side","description":"Traduce la estrategia de la empresa a la planeaci\u00f3n de organigrama efectivo que optimiza recursos obteniendo una toma de decisiones m\u00e1s r\u00e1pida y efectiva, con responsabilidades claras para cada miembro del equipo.","robots":{"index":"index","follow":"follow","max-snippet":"max-snippet:-1","max-image-preview":"max-image-preview:large","max-video-preview":"max-video-preview:-1"},"canonical":"https:\/\/blindside.mx\/en\/curso\/estrategia-planeacion-de-organigrama\/","og_locale":"en_US","og_type":"article","og_title":"Estrategia: PLANEACI\u00d3N DE ORGANIGRAMA - Blind Side","og_description":"Traduce la estrategia de la empresa a la planeaci\u00f3n de organigrama efectivo que optimiza recursos obteniendo una toma de decisiones m\u00e1s r\u00e1pida y efectiva, con responsabilidades claras para cada miembro del equipo.","og_url":"https:\/\/blindside.mx\/en\/curso\/estrategia-planeacion-de-organigrama\/","og_site_name":"Blind Side","article_modified_time":"2025-05-19T20:52:48+00:00","og_image":[{"width":834,"height":609,"url":"https:\/\/blindside.mx\/wp-content\/uploads\/2024\/10\/4.webp","type":"image\/webp"}],"twitter_card":"summary_large_image","twitter_misc":{"Est. reading time":"1 minute"},"schema":{"@context":"https:\/\/schema.org","@graph":[{"@type":"WebPage","@id":"https:\/\/blindside.mx\/curso\/estrategia-planeacion-de-organigrama\/","url":"https:\/\/blindside.mx\/curso\/estrategia-planeacion-de-organigrama\/","name":"Estrategia: PLANEACI\u00d3N DE ORGANIGRAMA - Blind Side","isPartOf":{"@id":"https:\/\/blindside.mx\/#website"},"primaryImageOfPage":{"@id":"https:\/\/blindside.mx\/curso\/estrategia-planeacion-de-organigrama\/#primaryimage"},"image":{"@id":"https:\/\/blindside.mx\/curso\/estrategia-planeacion-de-organigrama\/#primaryimage"},"thumbnailUrl":"https:\/\/blindside.mx\/wp-content\/uploads\/2024\/10\/4.webp","datePublished":"2024-10-31T01:08:07+00:00","dateModified":"2025-05-19T20:52:48+00:00","description":"Traduce la estrategia de la empresa a la planeaci\u00f3n de organigrama efectivo que optimiza recursos obteniendo una toma de decisiones m\u00e1s r\u00e1pida y efectiva, con responsabilidades claras para cada miembro del equipo.","breadcrumb":{"@id":"https:\/\/blindside.mx\/curso\/estrategia-planeacion-de-organigrama\/#breadcrumb"},"inLanguage":"en-US","potentialAction":[{"@type":"ReadAction","target":["https:\/\/blindside.mx\/curso\/estrategia-planeacion-de-organigrama\/"]}]},{"@type":"ImageObject","inLanguage":"en-US","@id":"https:\/\/blindside.mx\/curso\/estrategia-planeacion-de-organigrama\/#primaryimage","url":"https:\/\/blindside.mx\/wp-content\/uploads\/2024\/10\/4.webp","contentUrl":"https:\/\/blindside.mx\/wp-content\/uploads\/2024\/10\/4.webp","width":834,"height":609},{"@type":"BreadcrumbList","@id":"https:\/\/blindside.mx\/curso\/estrategia-planeacion-de-organigrama\/#breadcrumb","itemListElement":[{"@type":"ListItem","position":1,"name":"Inicio","item":"https:\/\/blindside.mx\/"},{"@type":"ListItem","position":2,"name":"Cursos","item":"https:\/\/blindside.mx\/cursos\/"},{"@type":"ListItem","position":3,"name":"Estrategia: PLANEACI\u00d3N DE ORGANIGRAMA"}]},{"@type":"WebSite","@id":"https:\/\/blindside.mx\/#website","url":"https:\/\/blindside.mx\/","name":"woo mod checkout","description":"","publisher":{"@id":"https:\/\/blindside.mx\/#organization"},"potentialAction":[{"@type":"SearchAction","target":{"@type":"EntryPoint","urlTemplate":"https:\/\/blindside.mx\/?s={search_term_string}"},"query-input":{"@type":"PropertyValueSpecification","valueRequired":true,"valueName":"search_term_string"}}],"inLanguage":"en-US"},{"@type":"Organization","@id":"https:\/\/blindside.mx\/#organization","name":"woo mod checkout","url":"https:\/\/blindside.mx\/","logo":{"@type":"ImageObject","inLanguage":"en-US","@id":"https:\/\/blindside.mx\/#\/schema\/logo\/image\/","url":"https:\/\/blindside.mx\/wp-content\/uploads\/2024\/10\/42650947.png","contentUrl":"https:\/\/blindside.mx\/wp-content\/uploads\/2024\/10\/42650947.png","width":345,"height":345,"caption":"woo mod checkout"},"image":{"@id":"https:\/\/blindside.mx\/#\/schema\/logo\/image\/"}}]}},"_links":{"self":[{"href":"https:\/\/blindside.mx\/en\/wp-json\/wp\/v2\/product\/307","targetHints":{"allow":["GET"]}}],"collection":[{"href":"https:\/\/blindside.mx\/en\/wp-json\/wp\/v2\/product"}],"about":[{"href":"https:\/\/blindside.mx\/en\/wp-json\/wp\/v2\/types\/product"}],"wp:featuredmedia":[{"embeddable":true,"href":"https:\/\/blindside.mx\/en\/wp-json\/wp\/v2\/media\/298"}],"wp:attachment":[{"href":"https:\/\/blindside.mx\/en\/wp-json\/wp\/v2\/media?parent=307"}],"wp:term":[{"taxonomy":"product_brand","embeddable":true,"href":"https:\/\/blindside.mx\/en\/wp-json\/wp\/v2\/product_brand?post=307"},{"taxonomy":"product_cat","embeddable":true,"href":"https:\/\/blindside.mx\/en\/wp-json\/wp\/v2\/product_cat?post=307"},{"taxonomy":"product_tag","embeddable":true,"href":"https:\/\/blindside.mx\/en\/wp-json\/wp\/v2\/product_tag?post=307"}],"curies":[{"name":"wp","href":"https:\/\/api.w.org\/{rel}","templated":true}]}}