{"id":294,"date":"2024-10-30T18:46:53","date_gmt":"2024-10-31T00:46:53","guid":{"rendered":"https:\/\/blindside.mx\/?post_type=product&#038;p=294"},"modified":"2025-05-19T14:48:22","modified_gmt":"2025-05-19T20:48:22","slug":"estrategia-plan-de-ataque-comercial","status":"publish","type":"product","link":"https:\/\/blindside.mx\/en\/curso\/estrategia-plan-de-ataque-comercial\/","title":{"rendered":"Strategy: COMMERCIAL ATTACK PLAN"},"content":{"rendered":"<h4>Topics<\/h4>\n<p><span style=\"font-weight: 400;\">La metodolog\u00eda ense\u00f1a a los l\u00edderes a diferenciar radicalmente a la empresa en su manera de presentarse al mercado.<\/span><\/p>\n<h4>Objectives<\/h4>\n<ul>\n<li>Have the elements that describe the key points:<\/li>\n<\/ul>\n<p>i.- \u201cOffer for segment\/customer\u201d, and<\/p>\n<p>ii.- Alignment of strategy in each commercial execution unit.<\/p>\n<ul>\n<li><span style=\"font-weight: 400;\">Construir los diferenciadores reales y percibidos de la empresa, producto y\/o marca, ya que solo son recordados y preferidos cuando se separan del resto, del ruido y del desorden.<\/span><\/li>\n<li>Have the elements in an easy-to-reference format to streamline the planning and execution of strategies.<\/li>\n<\/ul>\n<h4>Deliverable<\/h4>\n<ul>\n<li>Blind Side delivers a methodological document that allows for understanding and transmission of ideas.<\/li>\n<\/ul>\n<h4>Duration<\/h4>\n<ul>\n<li>Deadline of 2 weeks.<\/li>\n<\/ul>\n<h4>How are the sessions conducted?<\/h4>\n<ol>\n<li>Initial data collection and brainstorming session.<\/li>\n<li>Conferencia para preguntas y respuestas y afinar detalles.<\/li>\n<li>Delivery, explanation and knowledge transfer meeting.<\/li>\n<\/ol>","protected":false},"excerpt":{"rendered":"<p><b>What you will learn: <\/b><span style=\"font-weight: 400;\">To define your offer for each segment and align all areas of your business to accurately execute commercial tactics.<\/span><\/p>","protected":false},"featured_media":295,"template":"","meta":[],"product_brand":[],"product_cat":[29],"product_tag":[],"class_list":{"0":"post-294","1":"product","2":"type-product","3":"status-publish","4":"has-post-thumbnail","6":"product_cat-estrategias-de-mercado","8":"first","9":"instock","10":"featured","11":"sold-individually","12":"taxable","13":"shipping-taxable","14":"purchasable","15":"product-type-simple"},"yoast_head":"<!-- This site is optimized with the Yoast SEO plugin v27.4 - https:\/\/yoast.com\/product\/yoast-seo-wordpress\/ -->\n<title>Estrategia: PLAN DE ATAQUE COMERCIAL - Blind Side<\/title>\n<meta name=\"description\" content=\"Proporciona los elementos clave para la creaci\u00f3n de un plan de ataque comercial efectiva con eficiencia en la ejecuci\u00f3n comercial, asegurando un enfoque claro y consistente en todo el equipo.\" \/>\n<meta name=\"robots\" content=\"index, follow, max-snippet:-1, max-image-preview:large, max-video-preview:-1\" \/>\n<link rel=\"canonical\" href=\"https:\/\/blindside.mx\/en\/curso\/estrategia-plan-de-ataque-comercial\/\" \/>\n<meta property=\"og:locale\" content=\"en_US\" \/>\n<meta property=\"og:type\" content=\"article\" \/>\n<meta property=\"og:title\" content=\"Estrategia: PLAN DE ATAQUE COMERCIAL - Blind Side\" \/>\n<meta property=\"og:description\" content=\"Proporciona los elementos clave para la creaci\u00f3n de un plan de ataque comercial efectiva con eficiencia en la ejecuci\u00f3n comercial, asegurando un enfoque claro y consistente en todo el equipo.\" \/>\n<meta property=\"og:url\" content=\"https:\/\/blindside.mx\/en\/curso\/estrategia-plan-de-ataque-comercial\/\" \/>\n<meta property=\"og:site_name\" content=\"Blind Side\" \/>\n<meta property=\"article:modified_time\" content=\"2025-05-19T20:48:22+00:00\" \/>\n<meta property=\"og:image\" content=\"https:\/\/blindside.mx\/wp-content\/uploads\/2024\/10\/2.webp\" \/>\n\t<meta property=\"og:image:width\" content=\"834\" \/>\n\t<meta property=\"og:image:height\" content=\"609\" \/>\n\t<meta property=\"og:image:type\" content=\"image\/webp\" \/>\n<meta name=\"twitter:card\" content=\"summary_large_image\" \/>\n<meta name=\"twitter:label1\" content=\"Est. reading time\" \/>\n\t<meta name=\"twitter:data1\" content=\"1 minute\" \/>\n<script type=\"application\/ld+json\" class=\"yoast-schema-graph\">{\"@context\":\"https:\\\/\\\/schema.org\",\"@graph\":[{\"@type\":\"WebPage\",\"@id\":\"https:\\\/\\\/blindside.mx\\\/curso\\\/estrategia-plan-de-ataque-comercial\\\/\",\"url\":\"https:\\\/\\\/blindside.mx\\\/curso\\\/estrategia-plan-de-ataque-comercial\\\/\",\"name\":\"Estrategia: PLAN DE ATAQUE COMERCIAL - Blind Side\",\"isPartOf\":{\"@id\":\"https:\\\/\\\/blindside.mx\\\/#website\"},\"primaryImageOfPage\":{\"@id\":\"https:\\\/\\\/blindside.mx\\\/curso\\\/estrategia-plan-de-ataque-comercial\\\/#primaryimage\"},\"image\":{\"@id\":\"https:\\\/\\\/blindside.mx\\\/curso\\\/estrategia-plan-de-ataque-comercial\\\/#primaryimage\"},\"thumbnailUrl\":\"https:\\\/\\\/blindside.mx\\\/wp-content\\\/uploads\\\/2024\\\/10\\\/2.webp\",\"datePublished\":\"2024-10-31T00:46:53+00:00\",\"dateModified\":\"2025-05-19T20:48:22+00:00\",\"description\":\"Proporciona los elementos clave para la creaci\u00f3n de un plan de ataque comercial efectiva con eficiencia en la ejecuci\u00f3n comercial, asegurando un enfoque claro y consistente en todo el equipo.\",\"breadcrumb\":{\"@id\":\"https:\\\/\\\/blindside.mx\\\/curso\\\/estrategia-plan-de-ataque-comercial\\\/#breadcrumb\"},\"inLanguage\":\"en-US\",\"potentialAction\":[{\"@type\":\"ReadAction\",\"target\":[\"https:\\\/\\\/blindside.mx\\\/curso\\\/estrategia-plan-de-ataque-comercial\\\/\"]}]},{\"@type\":\"ImageObject\",\"inLanguage\":\"en-US\",\"@id\":\"https:\\\/\\\/blindside.mx\\\/curso\\\/estrategia-plan-de-ataque-comercial\\\/#primaryimage\",\"url\":\"https:\\\/\\\/blindside.mx\\\/wp-content\\\/uploads\\\/2024\\\/10\\\/2.webp\",\"contentUrl\":\"https:\\\/\\\/blindside.mx\\\/wp-content\\\/uploads\\\/2024\\\/10\\\/2.webp\",\"width\":834,\"height\":609},{\"@type\":\"BreadcrumbList\",\"@id\":\"https:\\\/\\\/blindside.mx\\\/curso\\\/estrategia-plan-de-ataque-comercial\\\/#breadcrumb\",\"itemListElement\":[{\"@type\":\"ListItem\",\"position\":1,\"name\":\"Inicio\",\"item\":\"https:\\\/\\\/blindside.mx\\\/\"},{\"@type\":\"ListItem\",\"position\":2,\"name\":\"Cursos\",\"item\":\"https:\\\/\\\/blindside.mx\\\/cursos\\\/\"},{\"@type\":\"ListItem\",\"position\":3,\"name\":\"Estrategia: PLAN DE ATAQUE COMERCIAL\"}]},{\"@type\":\"WebSite\",\"@id\":\"https:\\\/\\\/blindside.mx\\\/#website\",\"url\":\"https:\\\/\\\/blindside.mx\\\/\",\"name\":\"woo mod checkout\",\"description\":\"\",\"publisher\":{\"@id\":\"https:\\\/\\\/blindside.mx\\\/#organization\"},\"potentialAction\":[{\"@type\":\"SearchAction\",\"target\":{\"@type\":\"EntryPoint\",\"urlTemplate\":\"https:\\\/\\\/blindside.mx\\\/?s={search_term_string}\"},\"query-input\":{\"@type\":\"PropertyValueSpecification\",\"valueRequired\":true,\"valueName\":\"search_term_string\"}}],\"inLanguage\":\"en-US\"},{\"@type\":\"Organization\",\"@id\":\"https:\\\/\\\/blindside.mx\\\/#organization\",\"name\":\"woo mod checkout\",\"url\":\"https:\\\/\\\/blindside.mx\\\/\",\"logo\":{\"@type\":\"ImageObject\",\"inLanguage\":\"en-US\",\"@id\":\"https:\\\/\\\/blindside.mx\\\/#\\\/schema\\\/logo\\\/image\\\/\",\"url\":\"https:\\\/\\\/blindside.mx\\\/wp-content\\\/uploads\\\/2024\\\/10\\\/42650947.png\",\"contentUrl\":\"https:\\\/\\\/blindside.mx\\\/wp-content\\\/uploads\\\/2024\\\/10\\\/42650947.png\",\"width\":345,\"height\":345,\"caption\":\"woo mod checkout\"},\"image\":{\"@id\":\"https:\\\/\\\/blindside.mx\\\/#\\\/schema\\\/logo\\\/image\\\/\"}}]}<\/script>\n<!-- \/ Yoast SEO plugin. -->","yoast_head_json":{"title":"Estrategia: PLAN DE ATAQUE COMERCIAL - Blind Side","description":"Proporciona los elementos clave para la creaci\u00f3n de un plan de ataque comercial efectiva con eficiencia en la ejecuci\u00f3n comercial, asegurando un enfoque claro y consistente en todo el equipo.","robots":{"index":"index","follow":"follow","max-snippet":"max-snippet:-1","max-image-preview":"max-image-preview:large","max-video-preview":"max-video-preview:-1"},"canonical":"https:\/\/blindside.mx\/en\/curso\/estrategia-plan-de-ataque-comercial\/","og_locale":"en_US","og_type":"article","og_title":"Estrategia: PLAN DE ATAQUE COMERCIAL - Blind Side","og_description":"Proporciona los elementos clave para la creaci\u00f3n de un plan de ataque comercial efectiva con eficiencia en la ejecuci\u00f3n comercial, asegurando un enfoque claro y consistente en todo el equipo.","og_url":"https:\/\/blindside.mx\/en\/curso\/estrategia-plan-de-ataque-comercial\/","og_site_name":"Blind Side","article_modified_time":"2025-05-19T20:48:22+00:00","og_image":[{"width":834,"height":609,"url":"https:\/\/blindside.mx\/wp-content\/uploads\/2024\/10\/2.webp","type":"image\/webp"}],"twitter_card":"summary_large_image","twitter_misc":{"Est. reading time":"1 minute"},"schema":{"@context":"https:\/\/schema.org","@graph":[{"@type":"WebPage","@id":"https:\/\/blindside.mx\/curso\/estrategia-plan-de-ataque-comercial\/","url":"https:\/\/blindside.mx\/curso\/estrategia-plan-de-ataque-comercial\/","name":"Estrategia: PLAN DE ATAQUE COMERCIAL - Blind Side","isPartOf":{"@id":"https:\/\/blindside.mx\/#website"},"primaryImageOfPage":{"@id":"https:\/\/blindside.mx\/curso\/estrategia-plan-de-ataque-comercial\/#primaryimage"},"image":{"@id":"https:\/\/blindside.mx\/curso\/estrategia-plan-de-ataque-comercial\/#primaryimage"},"thumbnailUrl":"https:\/\/blindside.mx\/wp-content\/uploads\/2024\/10\/2.webp","datePublished":"2024-10-31T00:46:53+00:00","dateModified":"2025-05-19T20:48:22+00:00","description":"Proporciona los elementos clave para la creaci\u00f3n de un plan de ataque comercial efectiva con eficiencia en la ejecuci\u00f3n comercial, asegurando un enfoque claro y consistente en todo el equipo.","breadcrumb":{"@id":"https:\/\/blindside.mx\/curso\/estrategia-plan-de-ataque-comercial\/#breadcrumb"},"inLanguage":"en-US","potentialAction":[{"@type":"ReadAction","target":["https:\/\/blindside.mx\/curso\/estrategia-plan-de-ataque-comercial\/"]}]},{"@type":"ImageObject","inLanguage":"en-US","@id":"https:\/\/blindside.mx\/curso\/estrategia-plan-de-ataque-comercial\/#primaryimage","url":"https:\/\/blindside.mx\/wp-content\/uploads\/2024\/10\/2.webp","contentUrl":"https:\/\/blindside.mx\/wp-content\/uploads\/2024\/10\/2.webp","width":834,"height":609},{"@type":"BreadcrumbList","@id":"https:\/\/blindside.mx\/curso\/estrategia-plan-de-ataque-comercial\/#breadcrumb","itemListElement":[{"@type":"ListItem","position":1,"name":"Inicio","item":"https:\/\/blindside.mx\/"},{"@type":"ListItem","position":2,"name":"Cursos","item":"https:\/\/blindside.mx\/cursos\/"},{"@type":"ListItem","position":3,"name":"Estrategia: PLAN DE ATAQUE COMERCIAL"}]},{"@type":"WebSite","@id":"https:\/\/blindside.mx\/#website","url":"https:\/\/blindside.mx\/","name":"woo mod checkout","description":"","publisher":{"@id":"https:\/\/blindside.mx\/#organization"},"potentialAction":[{"@type":"SearchAction","target":{"@type":"EntryPoint","urlTemplate":"https:\/\/blindside.mx\/?s={search_term_string}"},"query-input":{"@type":"PropertyValueSpecification","valueRequired":true,"valueName":"search_term_string"}}],"inLanguage":"en-US"},{"@type":"Organization","@id":"https:\/\/blindside.mx\/#organization","name":"woo mod checkout","url":"https:\/\/blindside.mx\/","logo":{"@type":"ImageObject","inLanguage":"en-US","@id":"https:\/\/blindside.mx\/#\/schema\/logo\/image\/","url":"https:\/\/blindside.mx\/wp-content\/uploads\/2024\/10\/42650947.png","contentUrl":"https:\/\/blindside.mx\/wp-content\/uploads\/2024\/10\/42650947.png","width":345,"height":345,"caption":"woo mod checkout"},"image":{"@id":"https:\/\/blindside.mx\/#\/schema\/logo\/image\/"}}]}},"_links":{"self":[{"href":"https:\/\/blindside.mx\/en\/wp-json\/wp\/v2\/product\/294","targetHints":{"allow":["GET"]}}],"collection":[{"href":"https:\/\/blindside.mx\/en\/wp-json\/wp\/v2\/product"}],"about":[{"href":"https:\/\/blindside.mx\/en\/wp-json\/wp\/v2\/types\/product"}],"wp:featuredmedia":[{"embeddable":true,"href":"https:\/\/blindside.mx\/en\/wp-json\/wp\/v2\/media\/295"}],"wp:attachment":[{"href":"https:\/\/blindside.mx\/en\/wp-json\/wp\/v2\/media?parent=294"}],"wp:term":[{"taxonomy":"product_brand","embeddable":true,"href":"https:\/\/blindside.mx\/en\/wp-json\/wp\/v2\/product_brand?post=294"},{"taxonomy":"product_cat","embeddable":true,"href":"https:\/\/blindside.mx\/en\/wp-json\/wp\/v2\/product_cat?post=294"},{"taxonomy":"product_tag","embeddable":true,"href":"https:\/\/blindside.mx\/en\/wp-json\/wp\/v2\/product_tag?post=294"}],"curies":[{"name":"wp","href":"https:\/\/api.w.org\/{rel}","templated":true}]}}