{"id":486,"date":"2024-12-11T14:09:33","date_gmt":"2024-12-11T20:09:33","guid":{"rendered":"https:\/\/blindside.mx\/?page_id=486"},"modified":"2024-12-12T11:45:37","modified_gmt":"2024-12-12T17:45:37","slug":"preguntas-frecuentes","status":"publish","type":"page","link":"https:\/\/blindside.mx\/en\/preguntas-frecuentes\/","title":{"rendered":"Preguntas frecuentes"},"content":{"rendered":"","protected":false},"excerpt":{"rendered":"","protected":false},"author":1,"featured_media":492,"parent":0,"menu_order":0,"comment_status":"closed","ping_status":"closed","template":"","meta":{"footnotes":""},"class_list":["post-486","page","type-page","status-publish","has-post-thumbnail","hentry"],"yoast_head":"<!-- This site is optimized with the Yoast SEO plugin v27.4 - https:\/\/yoast.com\/product\/yoast-seo-wordpress\/ -->\n<title>Preguntas frecuentes - Blind Side<\/title>\n<meta name=\"description\" content=\"\u00bfTienes alguna duda? Nuestra secci\u00f3n de preguntas frecuentes est\u00e1 dise\u00f1ada para responder a tus inquietudes y facilitar tu experiencia.\" \/>\n<meta name=\"robots\" content=\"index, follow, max-snippet:-1, max-image-preview:large, max-video-preview:-1\" \/>\n<link rel=\"canonical\" href=\"https:\/\/blindside.mx\/en\/preguntas-frecuentes\/\" \/>\n<meta property=\"og:locale\" content=\"en_US\" \/>\n<meta property=\"og:type\" content=\"article\" \/>\n<meta property=\"og:title\" content=\"Preguntas frecuentes - Blind Side\" \/>\n<meta property=\"og:description\" content=\"\u00bfTienes alguna duda? Nuestra secci\u00f3n de preguntas frecuentes est\u00e1 dise\u00f1ada para responder a tus inquietudes y facilitar tu experiencia.\" \/>\n<meta property=\"og:url\" content=\"https:\/\/blindside.mx\/en\/preguntas-frecuentes\/\" \/>\n<meta property=\"og:site_name\" content=\"Blind Side\" \/>\n<meta property=\"article:modified_time\" content=\"2024-12-12T17:45:37+00:00\" \/>\n<meta property=\"og:image\" content=\"https:\/\/blindside.mx\/wp-content\/uploads\/2024\/12\/og-image.png\" \/>\n\t<meta property=\"og:image:width\" content=\"1200\" \/>\n\t<meta property=\"og:image:height\" content=\"630\" \/>\n\t<meta property=\"og:image:type\" content=\"image\/png\" \/>\n<meta name=\"twitter:card\" content=\"summary_large_image\" \/>\n<script type=\"application\/ld+json\" class=\"yoast-schema-graph\">{\"@context\":\"https:\\\/\\\/schema.org\",\"@graph\":[{\"@type\":\"WebPage\",\"@id\":\"https:\\\/\\\/blindside.mx\\\/preguntas-frecuentes\\\/\",\"url\":\"https:\\\/\\\/blindside.mx\\\/preguntas-frecuentes\\\/\",\"name\":\"Preguntas frecuentes - Blind Side\",\"isPartOf\":{\"@id\":\"https:\\\/\\\/blindside.mx\\\/#website\"},\"primaryImageOfPage\":{\"@id\":\"https:\\\/\\\/blindside.mx\\\/preguntas-frecuentes\\\/#primaryimage\"},\"image\":{\"@id\":\"https:\\\/\\\/blindside.mx\\\/preguntas-frecuentes\\\/#primaryimage\"},\"thumbnailUrl\":\"https:\\\/\\\/blindside.mx\\\/wp-content\\\/uploads\\\/2024\\\/12\\\/og-image.png\",\"datePublished\":\"2024-12-11T20:09:33+00:00\",\"dateModified\":\"2024-12-12T17:45:37+00:00\",\"description\":\"\u00bfTienes alguna duda? Nuestra secci\u00f3n de preguntas frecuentes est\u00e1 dise\u00f1ada para responder a tus inquietudes y facilitar tu experiencia.\",\"breadcrumb\":{\"@id\":\"https:\\\/\\\/blindside.mx\\\/preguntas-frecuentes\\\/#breadcrumb\"},\"inLanguage\":\"en-US\",\"potentialAction\":[{\"@type\":\"ReadAction\",\"target\":[\"https:\\\/\\\/blindside.mx\\\/preguntas-frecuentes\\\/\"]}]},{\"@type\":\"ImageObject\",\"inLanguage\":\"en-US\",\"@id\":\"https:\\\/\\\/blindside.mx\\\/preguntas-frecuentes\\\/#primaryimage\",\"url\":\"https:\\\/\\\/blindside.mx\\\/wp-content\\\/uploads\\\/2024\\\/12\\\/og-image.png\",\"contentUrl\":\"https:\\\/\\\/blindside.mx\\\/wp-content\\\/uploads\\\/2024\\\/12\\\/og-image.png\",\"width\":1200,\"height\":630},{\"@type\":\"BreadcrumbList\",\"@id\":\"https:\\\/\\\/blindside.mx\\\/preguntas-frecuentes\\\/#breadcrumb\",\"itemListElement\":[{\"@type\":\"ListItem\",\"position\":1,\"name\":\"Inicio\",\"item\":\"https:\\\/\\\/blindside.mx\\\/\"},{\"@type\":\"ListItem\",\"position\":2,\"name\":\"Preguntas frecuentes\"}]},{\"@type\":\"WebSite\",\"@id\":\"https:\\\/\\\/blindside.mx\\\/#website\",\"url\":\"https:\\\/\\\/blindside.mx\\\/\",\"name\":\"woo mod checkout\",\"description\":\"\",\"publisher\":{\"@id\":\"https:\\\/\\\/blindside.mx\\\/#organization\"},\"potentialAction\":[{\"@type\":\"SearchAction\",\"target\":{\"@type\":\"EntryPoint\",\"urlTemplate\":\"https:\\\/\\\/blindside.mx\\\/?s={search_term_string}\"},\"query-input\":{\"@type\":\"PropertyValueSpecification\",\"valueRequired\":true,\"valueName\":\"search_term_string\"}}],\"inLanguage\":\"en-US\"},{\"@type\":\"Organization\",\"@id\":\"https:\\\/\\\/blindside.mx\\\/#organization\",\"name\":\"woo mod checkout\",\"url\":\"https:\\\/\\\/blindside.mx\\\/\",\"logo\":{\"@type\":\"ImageObject\",\"inLanguage\":\"en-US\",\"@id\":\"https:\\\/\\\/blindside.mx\\\/#\\\/schema\\\/logo\\\/image\\\/\",\"url\":\"https:\\\/\\\/blindside.mx\\\/wp-content\\\/uploads\\\/2024\\\/10\\\/42650947.png\",\"contentUrl\":\"https:\\\/\\\/blindside.mx\\\/wp-content\\\/uploads\\\/2024\\\/10\\\/42650947.png\",\"width\":345,\"height\":345,\"caption\":\"woo mod checkout\"},\"image\":{\"@id\":\"https:\\\/\\\/blindside.mx\\\/#\\\/schema\\\/logo\\\/image\\\/\"}}]}<\/script>\n<!-- \/ Yoast SEO plugin. -->","yoast_head_json":{"title":"Preguntas frecuentes - Blind Side","description":"\u00bfTienes alguna duda? Nuestra secci\u00f3n de preguntas frecuentes est\u00e1 dise\u00f1ada para responder a tus inquietudes y facilitar tu experiencia.","robots":{"index":"index","follow":"follow","max-snippet":"max-snippet:-1","max-image-preview":"max-image-preview:large","max-video-preview":"max-video-preview:-1"},"canonical":"https:\/\/blindside.mx\/en\/preguntas-frecuentes\/","og_locale":"en_US","og_type":"article","og_title":"Preguntas frecuentes - Blind Side","og_description":"\u00bfTienes alguna duda? Nuestra secci\u00f3n de preguntas frecuentes est\u00e1 dise\u00f1ada para responder a tus inquietudes y facilitar tu experiencia.","og_url":"https:\/\/blindside.mx\/en\/preguntas-frecuentes\/","og_site_name":"Blind Side","article_modified_time":"2024-12-12T17:45:37+00:00","og_image":[{"width":1200,"height":630,"url":"https:\/\/blindside.mx\/wp-content\/uploads\/2024\/12\/og-image.png","type":"image\/png"}],"twitter_card":"summary_large_image","schema":{"@context":"https:\/\/schema.org","@graph":[{"@type":"WebPage","@id":"https:\/\/blindside.mx\/preguntas-frecuentes\/","url":"https:\/\/blindside.mx\/preguntas-frecuentes\/","name":"Preguntas frecuentes - Blind Side","isPartOf":{"@id":"https:\/\/blindside.mx\/#website"},"primaryImageOfPage":{"@id":"https:\/\/blindside.mx\/preguntas-frecuentes\/#primaryimage"},"image":{"@id":"https:\/\/blindside.mx\/preguntas-frecuentes\/#primaryimage"},"thumbnailUrl":"https:\/\/blindside.mx\/wp-content\/uploads\/2024\/12\/og-image.png","datePublished":"2024-12-11T20:09:33+00:00","dateModified":"2024-12-12T17:45:37+00:00","description":"\u00bfTienes alguna duda? Nuestra secci\u00f3n de preguntas frecuentes est\u00e1 dise\u00f1ada para responder a tus inquietudes y facilitar tu experiencia.","breadcrumb":{"@id":"https:\/\/blindside.mx\/preguntas-frecuentes\/#breadcrumb"},"inLanguage":"en-US","potentialAction":[{"@type":"ReadAction","target":["https:\/\/blindside.mx\/preguntas-frecuentes\/"]}]},{"@type":"ImageObject","inLanguage":"en-US","@id":"https:\/\/blindside.mx\/preguntas-frecuentes\/#primaryimage","url":"https:\/\/blindside.mx\/wp-content\/uploads\/2024\/12\/og-image.png","contentUrl":"https:\/\/blindside.mx\/wp-content\/uploads\/2024\/12\/og-image.png","width":1200,"height":630},{"@type":"BreadcrumbList","@id":"https:\/\/blindside.mx\/preguntas-frecuentes\/#breadcrumb","itemListElement":[{"@type":"ListItem","position":1,"name":"Inicio","item":"https:\/\/blindside.mx\/"},{"@type":"ListItem","position":2,"name":"Preguntas frecuentes"}]},{"@type":"WebSite","@id":"https:\/\/blindside.mx\/#website","url":"https:\/\/blindside.mx\/","name":"woo mod checkout","description":"","publisher":{"@id":"https:\/\/blindside.mx\/#organization"},"potentialAction":[{"@type":"SearchAction","target":{"@type":"EntryPoint","urlTemplate":"https:\/\/blindside.mx\/?s={search_term_string}"},"query-input":{"@type":"PropertyValueSpecification","valueRequired":true,"valueName":"search_term_string"}}],"inLanguage":"en-US"},{"@type":"Organization","@id":"https:\/\/blindside.mx\/#organization","name":"woo mod checkout","url":"https:\/\/blindside.mx\/","logo":{"@type":"ImageObject","inLanguage":"en-US","@id":"https:\/\/blindside.mx\/#\/schema\/logo\/image\/","url":"https:\/\/blindside.mx\/wp-content\/uploads\/2024\/10\/42650947.png","contentUrl":"https:\/\/blindside.mx\/wp-content\/uploads\/2024\/10\/42650947.png","width":345,"height":345,"caption":"woo mod checkout"},"image":{"@id":"https:\/\/blindside.mx\/#\/schema\/logo\/image\/"}}]}},"_links":{"self":[{"href":"https:\/\/blindside.mx\/en\/wp-json\/wp\/v2\/pages\/486","targetHints":{"allow":["GET"]}}],"collection":[{"href":"https:\/\/blindside.mx\/en\/wp-json\/wp\/v2\/pages"}],"about":[{"href":"https:\/\/blindside.mx\/en\/wp-json\/wp\/v2\/types\/page"}],"author":[{"embeddable":true,"href":"https:\/\/blindside.mx\/en\/wp-json\/wp\/v2\/users\/1"}],"replies":[{"embeddable":true,"href":"https:\/\/blindside.mx\/en\/wp-json\/wp\/v2\/comments?post=486"}],"version-history":[{"count":1,"href":"https:\/\/blindside.mx\/en\/wp-json\/wp\/v2\/pages\/486\/revisions"}],"predecessor-version":[{"id":487,"href":"https:\/\/blindside.mx\/en\/wp-json\/wp\/v2\/pages\/486\/revisions\/487"}],"wp:featuredmedia":[{"embeddable":true,"href":"https:\/\/blindside.mx\/en\/wp-json\/wp\/v2\/media\/492"}],"wp:attachment":[{"href":"https:\/\/blindside.mx\/en\/wp-json\/wp\/v2\/media?parent=486"}],"curies":[{"name":"wp","href":"https:\/\/api.w.org\/{rel}","templated":true}]}}