{"id":3,"date":"2024-10-03T02:01:49","date_gmt":"2024-10-03T02:01:49","guid":{"rendered":"https:\/\/blindside.mx\/?page_id=3"},"modified":"2025-01-17T15:04:57","modified_gmt":"2025-01-17T21:04:57","slug":"privacy-policy","status":"publish","type":"page","link":"https:\/\/blindside.mx\/en\/privacy-policy\/","title":{"rendered":"Privacy Policy"},"content":{"rendered":"<h1 class=\"wp-block-heading has-text-align-left mt-5\">Privacy Policy<\/h1>\n\n\n\n<h2 class=\"wp-block-heading\">Who we are<\/h2>\n\n\n\n<p>We are Blind Side, responsible for the website with the following address <a href=\"https:\/\/blindside.mx\/en\/\">https:\/\/blindside.mx<\/a>. <\/p>\n\n\n\n<p>You can contact us through the following e-mail address <a href=\"mailto:contact@blindside.mx\">contact@blindside.mx<\/a>.<\/p>\n\n\n\n<h2 class=\"wp-block-heading\">Cookies<\/h2>\n\n\n\n<p>At Blind Side we use cookies to improve your browsing experience and offer you a personalized service. Cookies are small text files that are stored on your device and allow us to, among other things:<\/p>\n\n\n\n<ul class=\"wp-block-list\">\n<li><strong>Manage user sessions<\/strong>: Identify if you are logged in and keep your session active during your visit.<\/li>\n\n\n\n<li><strong>Shopping cart<\/strong>: remember the last course you have added, either to pay it in full, make a partial payment or make the remaining payment of a course.<\/li>\n\n\n\n<li><strong>User preferences<\/strong>: save settings such as first name, last name, e-mail and user data in general.<\/li>\n<\/ul>\n\n\n\n<h2 class=\"wp-block-heading\">Content embedded from other sites<\/h2>\n\n\n\n<p>Articles on this site may include embedded content (e.g. videos, images, articles, etc.). Embedded content from other websites behave exactly as if the visitor had visited the other website.<\/p>\n\n\n\n<p>These websites may collect data about you, use cookies, embed additional tracking from third parties and monitor your interaction with that embedded content, including tracking your interaction with the embedded content if you have an account and are logged into that website.<\/p>\n\n\n\n<h2 class=\"wp-block-heading\">Who we share your information with<\/h2>\n\n\n\n<p>At Blind Side we value your privacy and share your information only as necessary to provide you with our services, comply with legal obligations, or take specific actions. For example, if you request a password reset, your IP address will be included in the corresponding email to ensure the security of your account.<\/p>\n\n\n\n<p>In addition, when you purchase a course, we collect relevant information about your business. This information is shared exclusively with our course delivery team in order to customize the course to your needs and provide you with the best possible service.<\/p>\n\n\n\n<h2 class=\"wp-block-heading\">How long we retain your data<\/h2>\n\n\n\n<p>In the case of users who register on our website, we also store the personal information they provide in their user profile. All users can view, edit or delete their personal information at any time (except that they cannot change their user name). Website administrators can also view and edit that information.<\/p>\n\n\n\n<p>When you purchase a course and provide us with information about your business, this data will be retained for an indefinite period of time for administrative, archival and tracking purposes. This practice allows us to maintain a complete history of your requests and to better serve you in case of future inquiries or needs.<\/p>\n\n\n\n<h2 class=\"wp-block-heading\">What rights do you have over your information<\/h2>\n\n\n\n<p>You have the right to access, correct or delete any personal data we have stored about you. You may also request that we restrict the processing of your data or transfer it to another data controller, if you so wish. In addition, you have the right to lodge a complaint with the data protection authorities if you consider that the processing of your information does not comply with the applicable regulations.<\/p>\n\n\n\n<p>To exercise these rights, you can contact us via email. <a href=\"mailto:contact@blindside.mx\">contact@blindside.mx<\/a>.<\/p>\n\n\n\n<hr class=\"wp-block-separator has-text-color has-cyan-bluish-gray-color has-alpha-channel-opacity has-cyan-bluish-gray-background-color has-background\"\/>\n\n\n\n<h2 class=\"wp-block-heading\">Terms and Conditions<\/h2>\n\n\n\n<p>Click on the following link to go to our <a href=\"\/en\/terminos-y-condiciones\/\">terms and conditions<\/a><\/p>","protected":false},"excerpt":{"rendered":"<p>Pol\u00edtica de privacidad Qui\u00e9nes somos Somos Blind Side, responsables del sitio web con la direcci\u00f3n https:\/\/blindside.mx. Puedes ponerte en contacto con nosotros a trav\u00e9s del correo contact@blindside.mx. Cookies En Blind Side utilizamos cookies para mejorar tu experiencia de navegaci\u00f3n y ofrecerte un servicio personalizado. Las cookies son peque\u00f1os archivos de texto que se almacenan en [&hellip;]<\/p>\n","protected":false},"author":1,"featured_media":492,"parent":0,"menu_order":0,"comment_status":"closed","ping_status":"open","template":"template-legal-pages-layout.php","meta":{"footnotes":""},"class_list":["post-3","page","type-page","status-publish","has-post-thumbnail","hentry"],"yoast_head":"<!-- This site is optimized with the Yoast SEO plugin v27.4 - https:\/\/yoast.com\/product\/yoast-seo-wordpress\/ -->\n<title>Privacy Policy - Blind Side<\/title>\n<meta name=\"description\" content=\"Esta pol\u00edtica de privacidad explica c\u00f3mo manejamos tus datos personales. Queremos que te sientas seguro al navegar por nuestro sitio.\" \/>\n<meta name=\"robots\" content=\"index, follow, max-snippet:-1, max-image-preview:large, max-video-preview:-1\" \/>\n<link rel=\"canonical\" href=\"https:\/\/blindside.mx\/en\/privacy-policy\/\" \/>\n<meta property=\"og:locale\" content=\"en_US\" \/>\n<meta property=\"og:type\" content=\"article\" \/>\n<meta property=\"og:title\" content=\"Privacy Policy - Blind Side\" \/>\n<meta property=\"og:description\" content=\"Esta pol\u00edtica de privacidad explica c\u00f3mo manejamos tus datos personales. Queremos que te sientas seguro al navegar por nuestro sitio.\" \/>\n<meta property=\"og:url\" content=\"https:\/\/blindside.mx\/en\/privacy-policy\/\" \/>\n<meta property=\"og:site_name\" content=\"Blind Side\" \/>\n<meta property=\"article:modified_time\" content=\"2025-01-17T21:04:57+00:00\" \/>\n<meta property=\"og:image\" content=\"https:\/\/blindside.mx\/wp-content\/uploads\/2024\/12\/og-image.png\" \/>\n\t<meta property=\"og:image:width\" content=\"1200\" \/>\n\t<meta property=\"og:image:height\" content=\"630\" \/>\n\t<meta property=\"og:image:type\" content=\"image\/png\" \/>\n<meta name=\"twitter:card\" content=\"summary_large_image\" \/>\n<meta name=\"twitter:label1\" content=\"Est. reading time\" \/>\n\t<meta name=\"twitter:data1\" content=\"3 minutes\" \/>\n<script type=\"application\/ld+json\" class=\"yoast-schema-graph\">{\"@context\":\"https:\\\/\\\/schema.org\",\"@graph\":[{\"@type\":\"WebPage\",\"@id\":\"https:\\\/\\\/blindside.mx\\\/privacy-policy\\\/\",\"url\":\"https:\\\/\\\/blindside.mx\\\/privacy-policy\\\/\",\"name\":\"Privacy Policy - Blind Side\",\"isPartOf\":{\"@id\":\"https:\\\/\\\/blindside.mx\\\/#website\"},\"primaryImageOfPage\":{\"@id\":\"https:\\\/\\\/blindside.mx\\\/privacy-policy\\\/#primaryimage\"},\"image\":{\"@id\":\"https:\\\/\\\/blindside.mx\\\/privacy-policy\\\/#primaryimage\"},\"thumbnailUrl\":\"https:\\\/\\\/blindside.mx\\\/wp-content\\\/uploads\\\/2024\\\/12\\\/og-image.png\",\"datePublished\":\"2024-10-03T02:01:49+00:00\",\"dateModified\":\"2025-01-17T21:04:57+00:00\",\"description\":\"Esta pol\u00edtica de privacidad explica c\u00f3mo manejamos tus datos personales. Queremos que te sientas seguro al navegar por nuestro sitio.\",\"breadcrumb\":{\"@id\":\"https:\\\/\\\/blindside.mx\\\/privacy-policy\\\/#breadcrumb\"},\"inLanguage\":\"en-US\",\"potentialAction\":[{\"@type\":\"ReadAction\",\"target\":[\"https:\\\/\\\/blindside.mx\\\/privacy-policy\\\/\"]}]},{\"@type\":\"ImageObject\",\"inLanguage\":\"en-US\",\"@id\":\"https:\\\/\\\/blindside.mx\\\/privacy-policy\\\/#primaryimage\",\"url\":\"https:\\\/\\\/blindside.mx\\\/wp-content\\\/uploads\\\/2024\\\/12\\\/og-image.png\",\"contentUrl\":\"https:\\\/\\\/blindside.mx\\\/wp-content\\\/uploads\\\/2024\\\/12\\\/og-image.png\",\"width\":1200,\"height\":630},{\"@type\":\"BreadcrumbList\",\"@id\":\"https:\\\/\\\/blindside.mx\\\/privacy-policy\\\/#breadcrumb\",\"itemListElement\":[{\"@type\":\"ListItem\",\"position\":1,\"name\":\"Inicio\",\"item\":\"https:\\\/\\\/blindside.mx\\\/\"},{\"@type\":\"ListItem\",\"position\":2,\"name\":\"Privacy Policy\"}]},{\"@type\":\"WebSite\",\"@id\":\"https:\\\/\\\/blindside.mx\\\/#website\",\"url\":\"https:\\\/\\\/blindside.mx\\\/\",\"name\":\"woo mod checkout\",\"description\":\"\",\"publisher\":{\"@id\":\"https:\\\/\\\/blindside.mx\\\/#organization\"},\"potentialAction\":[{\"@type\":\"SearchAction\",\"target\":{\"@type\":\"EntryPoint\",\"urlTemplate\":\"https:\\\/\\\/blindside.mx\\\/?s={search_term_string}\"},\"query-input\":{\"@type\":\"PropertyValueSpecification\",\"valueRequired\":true,\"valueName\":\"search_term_string\"}}],\"inLanguage\":\"en-US\"},{\"@type\":\"Organization\",\"@id\":\"https:\\\/\\\/blindside.mx\\\/#organization\",\"name\":\"woo mod checkout\",\"url\":\"https:\\\/\\\/blindside.mx\\\/\",\"logo\":{\"@type\":\"ImageObject\",\"inLanguage\":\"en-US\",\"@id\":\"https:\\\/\\\/blindside.mx\\\/#\\\/schema\\\/logo\\\/image\\\/\",\"url\":\"https:\\\/\\\/blindside.mx\\\/wp-content\\\/uploads\\\/2024\\\/10\\\/42650947.png\",\"contentUrl\":\"https:\\\/\\\/blindside.mx\\\/wp-content\\\/uploads\\\/2024\\\/10\\\/42650947.png\",\"width\":345,\"height\":345,\"caption\":\"woo mod checkout\"},\"image\":{\"@id\":\"https:\\\/\\\/blindside.mx\\\/#\\\/schema\\\/logo\\\/image\\\/\"}}]}<\/script>\n<!-- \/ Yoast SEO plugin. -->","yoast_head_json":{"title":"Privacy Policy - Blind Side","description":"Esta pol\u00edtica de privacidad explica c\u00f3mo manejamos tus datos personales. Queremos que te sientas seguro al navegar por nuestro sitio.","robots":{"index":"index","follow":"follow","max-snippet":"max-snippet:-1","max-image-preview":"max-image-preview:large","max-video-preview":"max-video-preview:-1"},"canonical":"https:\/\/blindside.mx\/en\/privacy-policy\/","og_locale":"en_US","og_type":"article","og_title":"Privacy Policy - Blind Side","og_description":"Esta pol\u00edtica de privacidad explica c\u00f3mo manejamos tus datos personales. Queremos que te sientas seguro al navegar por nuestro sitio.","og_url":"https:\/\/blindside.mx\/en\/privacy-policy\/","og_site_name":"Blind Side","article_modified_time":"2025-01-17T21:04:57+00:00","og_image":[{"width":1200,"height":630,"url":"https:\/\/blindside.mx\/wp-content\/uploads\/2024\/12\/og-image.png","type":"image\/png"}],"twitter_card":"summary_large_image","twitter_misc":{"Est. reading time":"3 minutes"},"schema":{"@context":"https:\/\/schema.org","@graph":[{"@type":"WebPage","@id":"https:\/\/blindside.mx\/privacy-policy\/","url":"https:\/\/blindside.mx\/privacy-policy\/","name":"Privacy Policy - Blind Side","isPartOf":{"@id":"https:\/\/blindside.mx\/#website"},"primaryImageOfPage":{"@id":"https:\/\/blindside.mx\/privacy-policy\/#primaryimage"},"image":{"@id":"https:\/\/blindside.mx\/privacy-policy\/#primaryimage"},"thumbnailUrl":"https:\/\/blindside.mx\/wp-content\/uploads\/2024\/12\/og-image.png","datePublished":"2024-10-03T02:01:49+00:00","dateModified":"2025-01-17T21:04:57+00:00","description":"Esta pol\u00edtica de privacidad explica c\u00f3mo manejamos tus datos personales. Queremos que te sientas seguro al navegar por nuestro sitio.","breadcrumb":{"@id":"https:\/\/blindside.mx\/privacy-policy\/#breadcrumb"},"inLanguage":"en-US","potentialAction":[{"@type":"ReadAction","target":["https:\/\/blindside.mx\/privacy-policy\/"]}]},{"@type":"ImageObject","inLanguage":"en-US","@id":"https:\/\/blindside.mx\/privacy-policy\/#primaryimage","url":"https:\/\/blindside.mx\/wp-content\/uploads\/2024\/12\/og-image.png","contentUrl":"https:\/\/blindside.mx\/wp-content\/uploads\/2024\/12\/og-image.png","width":1200,"height":630},{"@type":"BreadcrumbList","@id":"https:\/\/blindside.mx\/privacy-policy\/#breadcrumb","itemListElement":[{"@type":"ListItem","position":1,"name":"Inicio","item":"https:\/\/blindside.mx\/"},{"@type":"ListItem","position":2,"name":"Privacy Policy"}]},{"@type":"WebSite","@id":"https:\/\/blindside.mx\/#website","url":"https:\/\/blindside.mx\/","name":"woo mod checkout","description":"","publisher":{"@id":"https:\/\/blindside.mx\/#organization"},"potentialAction":[{"@type":"SearchAction","target":{"@type":"EntryPoint","urlTemplate":"https:\/\/blindside.mx\/?s={search_term_string}"},"query-input":{"@type":"PropertyValueSpecification","valueRequired":true,"valueName":"search_term_string"}}],"inLanguage":"en-US"},{"@type":"Organization","@id":"https:\/\/blindside.mx\/#organization","name":"woo mod checkout","url":"https:\/\/blindside.mx\/","logo":{"@type":"ImageObject","inLanguage":"en-US","@id":"https:\/\/blindside.mx\/#\/schema\/logo\/image\/","url":"https:\/\/blindside.mx\/wp-content\/uploads\/2024\/10\/42650947.png","contentUrl":"https:\/\/blindside.mx\/wp-content\/uploads\/2024\/10\/42650947.png","width":345,"height":345,"caption":"woo mod checkout"},"image":{"@id":"https:\/\/blindside.mx\/#\/schema\/logo\/image\/"}}]}},"_links":{"self":[{"href":"https:\/\/blindside.mx\/en\/wp-json\/wp\/v2\/pages\/3","targetHints":{"allow":["GET"]}}],"collection":[{"href":"https:\/\/blindside.mx\/en\/wp-json\/wp\/v2\/pages"}],"about":[{"href":"https:\/\/blindside.mx\/en\/wp-json\/wp\/v2\/types\/page"}],"author":[{"embeddable":true,"href":"https:\/\/blindside.mx\/en\/wp-json\/wp\/v2\/users\/1"}],"replies":[{"embeddable":true,"href":"https:\/\/blindside.mx\/en\/wp-json\/wp\/v2\/comments?post=3"}],"version-history":[{"count":16,"href":"https:\/\/blindside.mx\/en\/wp-json\/wp\/v2\/pages\/3\/revisions"}],"predecessor-version":[{"id":522,"href":"https:\/\/blindside.mx\/en\/wp-json\/wp\/v2\/pages\/3\/revisions\/522"}],"wp:featuredmedia":[{"embeddable":true,"href":"https:\/\/blindside.mx\/en\/wp-json\/wp\/v2\/media\/492"}],"wp:attachment":[{"href":"https:\/\/blindside.mx\/en\/wp-json\/wp\/v2\/media?parent=3"}],"curies":[{"name":"wp","href":"https:\/\/api.w.org\/{rel}","templated":true}]}}