{"id":2,"date":"2024-10-03T02:01:49","date_gmt":"2024-10-03T02:01:49","guid":{"rendered":"https:\/\/blindside.mx\/?page_id=2"},"modified":"2024-12-12T11:44:06","modified_gmt":"2024-12-12T17:44:06","slug":"inicio","status":"publish","type":"page","link":"https:\/\/blindside.mx\/en\/","title":{"rendered":"Home"},"content":{"rendered":"","protected":false},"excerpt":{"rendered":"","protected":false},"author":1,"featured_media":492,"parent":0,"menu_order":0,"comment_status":"closed","ping_status":"closed","template":"","meta":{"footnotes":""},"class_list":["post-2","page","type-page","status-publish","has-post-thumbnail","hentry"],"yoast_head":"<!-- This site is optimized with the Yoast SEO plugin v27.4 - https:\/\/yoast.com\/product\/yoast-seo-wordpress\/ -->\n<title>Blind Side - M\u00e9todos de Gesti\u00f3n para L\u00edderes Empresariales<\/title>\n<meta name=\"description\" content=\"Somos una escuela que ofrece m\u00e9todos de gesti\u00f3n para l\u00edderes empresariales brind\u00e1ndote las herramientas para estructurar tus ideas.\" \/>\n<meta name=\"robots\" content=\"index, follow, max-snippet:-1, max-image-preview:large, max-video-preview:-1\" \/>\n<link rel=\"canonical\" href=\"https:\/\/blindside.mx\/en\/\" \/>\n<meta property=\"og:locale\" content=\"en_US\" \/>\n<meta property=\"og:type\" content=\"article\" \/>\n<meta property=\"og:title\" content=\"Blind Side - M\u00e9todos de Gesti\u00f3n para L\u00edderes Empresariales\" \/>\n<meta property=\"og:description\" content=\"Somos una escuela que ofrece m\u00e9todos de gesti\u00f3n para l\u00edderes empresariales brind\u00e1ndote las herramientas para estructurar tus ideas.\" \/>\n<meta property=\"og:url\" content=\"https:\/\/blindside.mx\/en\/\" \/>\n<meta property=\"og:site_name\" content=\"Blind Side\" \/>\n<meta property=\"article:modified_time\" content=\"2024-12-12T17:44:06+00:00\" \/>\n<meta property=\"og:image\" content=\"https:\/\/blindside.mx\/wp-content\/uploads\/2024\/12\/og-image.png\" \/>\n\t<meta property=\"og:image:width\" content=\"1200\" \/>\n\t<meta property=\"og:image:height\" content=\"630\" \/>\n\t<meta property=\"og:image:type\" content=\"image\/png\" \/>\n<meta name=\"twitter:card\" content=\"summary_large_image\" \/>\n<meta name=\"twitter:label1\" content=\"Est. reading time\" \/>\n\t<meta name=\"twitter:data1\" content=\"1 minute\" \/>\n<script type=\"application\/ld+json\" class=\"yoast-schema-graph\">{\"@context\":\"https:\\\/\\\/schema.org\",\"@graph\":[{\"@type\":\"WebPage\",\"@id\":\"https:\\\/\\\/blindside.mx\\\/\",\"url\":\"https:\\\/\\\/blindside.mx\\\/\",\"name\":\"Blind Side - M\u00e9todos de Gesti\u00f3n para L\u00edderes Empresariales\",\"isPartOf\":{\"@id\":\"https:\\\/\\\/blindside.mx\\\/#website\"},\"primaryImageOfPage\":{\"@id\":\"https:\\\/\\\/blindside.mx\\\/#primaryimage\"},\"image\":{\"@id\":\"https:\\\/\\\/blindside.mx\\\/#primaryimage\"},\"thumbnailUrl\":\"https:\\\/\\\/blindside.mx\\\/wp-content\\\/uploads\\\/2024\\\/12\\\/og-image.png\",\"datePublished\":\"2024-10-03T02:01:49+00:00\",\"dateModified\":\"2024-12-12T17:44:06+00:00\",\"description\":\"Somos una escuela que ofrece m\u00e9todos de gesti\u00f3n para l\u00edderes empresariales brind\u00e1ndote las herramientas para estructurar tus ideas.\",\"breadcrumb\":{\"@id\":\"https:\\\/\\\/blindside.mx\\\/#breadcrumb\"},\"inLanguage\":\"en-US\",\"potentialAction\":[{\"@type\":\"ReadAction\",\"target\":[\"https:\\\/\\\/blindside.mx\\\/\"]}]},{\"@type\":\"ImageObject\",\"inLanguage\":\"en-US\",\"@id\":\"https:\\\/\\\/blindside.mx\\\/#primaryimage\",\"url\":\"https:\\\/\\\/blindside.mx\\\/wp-content\\\/uploads\\\/2024\\\/12\\\/og-image.png\",\"contentUrl\":\"https:\\\/\\\/blindside.mx\\\/wp-content\\\/uploads\\\/2024\\\/12\\\/og-image.png\",\"width\":1200,\"height\":630},{\"@type\":\"BreadcrumbList\",\"@id\":\"https:\\\/\\\/blindside.mx\\\/#breadcrumb\",\"itemListElement\":[{\"@type\":\"ListItem\",\"position\":1,\"name\":\"Inicio\",\"item\":\"https:\\\/\\\/blindside.mx\\\/\"},{\"@type\":\"ListItem\",\"position\":2,\"name\":\"Inicio\"}]},{\"@type\":\"WebSite\",\"@id\":\"https:\\\/\\\/blindside.mx\\\/#website\",\"url\":\"https:\\\/\\\/blindside.mx\\\/\",\"name\":\"woo mod checkout\",\"description\":\"\",\"publisher\":{\"@id\":\"https:\\\/\\\/blindside.mx\\\/#organization\"},\"potentialAction\":[{\"@type\":\"SearchAction\",\"target\":{\"@type\":\"EntryPoint\",\"urlTemplate\":\"https:\\\/\\\/blindside.mx\\\/?s={search_term_string}\"},\"query-input\":{\"@type\":\"PropertyValueSpecification\",\"valueRequired\":true,\"valueName\":\"search_term_string\"}}],\"inLanguage\":\"en-US\"},{\"@type\":\"Organization\",\"@id\":\"https:\\\/\\\/blindside.mx\\\/#organization\",\"name\":\"woo mod checkout\",\"url\":\"https:\\\/\\\/blindside.mx\\\/\",\"logo\":{\"@type\":\"ImageObject\",\"inLanguage\":\"en-US\",\"@id\":\"https:\\\/\\\/blindside.mx\\\/#\\\/schema\\\/logo\\\/image\\\/\",\"url\":\"https:\\\/\\\/blindside.mx\\\/wp-content\\\/uploads\\\/2024\\\/10\\\/42650947.png\",\"contentUrl\":\"https:\\\/\\\/blindside.mx\\\/wp-content\\\/uploads\\\/2024\\\/10\\\/42650947.png\",\"width\":345,\"height\":345,\"caption\":\"woo mod checkout\"},\"image\":{\"@id\":\"https:\\\/\\\/blindside.mx\\\/#\\\/schema\\\/logo\\\/image\\\/\"}}]}<\/script>\n<!-- \/ Yoast SEO plugin. -->","yoast_head_json":{"title":"Blind Side - M\u00e9todos de Gesti\u00f3n para L\u00edderes Empresariales","description":"Somos una escuela que ofrece m\u00e9todos de gesti\u00f3n para l\u00edderes empresariales brind\u00e1ndote las herramientas para estructurar tus ideas.","robots":{"index":"index","follow":"follow","max-snippet":"max-snippet:-1","max-image-preview":"max-image-preview:large","max-video-preview":"max-video-preview:-1"},"canonical":"https:\/\/blindside.mx\/en\/","og_locale":"en_US","og_type":"article","og_title":"Blind Side - M\u00e9todos de Gesti\u00f3n para L\u00edderes Empresariales","og_description":"Somos una escuela que ofrece m\u00e9todos de gesti\u00f3n para l\u00edderes empresariales brind\u00e1ndote las herramientas para estructurar tus ideas.","og_url":"https:\/\/blindside.mx\/en\/","og_site_name":"Blind Side","article_modified_time":"2024-12-12T17:44:06+00:00","og_image":[{"width":1200,"height":630,"url":"https:\/\/blindside.mx\/wp-content\/uploads\/2024\/12\/og-image.png","type":"image\/png"}],"twitter_card":"summary_large_image","twitter_misc":{"Est. reading time":"1 minute"},"schema":{"@context":"https:\/\/schema.org","@graph":[{"@type":"WebPage","@id":"https:\/\/blindside.mx\/","url":"https:\/\/blindside.mx\/","name":"Blind Side - M\u00e9todos de Gesti\u00f3n para L\u00edderes Empresariales","isPartOf":{"@id":"https:\/\/blindside.mx\/#website"},"primaryImageOfPage":{"@id":"https:\/\/blindside.mx\/#primaryimage"},"image":{"@id":"https:\/\/blindside.mx\/#primaryimage"},"thumbnailUrl":"https:\/\/blindside.mx\/wp-content\/uploads\/2024\/12\/og-image.png","datePublished":"2024-10-03T02:01:49+00:00","dateModified":"2024-12-12T17:44:06+00:00","description":"Somos una escuela que ofrece m\u00e9todos de gesti\u00f3n para l\u00edderes empresariales brind\u00e1ndote las herramientas para estructurar tus ideas.","breadcrumb":{"@id":"https:\/\/blindside.mx\/#breadcrumb"},"inLanguage":"en-US","potentialAction":[{"@type":"ReadAction","target":["https:\/\/blindside.mx\/"]}]},{"@type":"ImageObject","inLanguage":"en-US","@id":"https:\/\/blindside.mx\/#primaryimage","url":"https:\/\/blindside.mx\/wp-content\/uploads\/2024\/12\/og-image.png","contentUrl":"https:\/\/blindside.mx\/wp-content\/uploads\/2024\/12\/og-image.png","width":1200,"height":630},{"@type":"BreadcrumbList","@id":"https:\/\/blindside.mx\/#breadcrumb","itemListElement":[{"@type":"ListItem","position":1,"name":"Inicio","item":"https:\/\/blindside.mx\/"},{"@type":"ListItem","position":2,"name":"Inicio"}]},{"@type":"WebSite","@id":"https:\/\/blindside.mx\/#website","url":"https:\/\/blindside.mx\/","name":"woo mod checkout","description":"","publisher":{"@id":"https:\/\/blindside.mx\/#organization"},"potentialAction":[{"@type":"SearchAction","target":{"@type":"EntryPoint","urlTemplate":"https:\/\/blindside.mx\/?s={search_term_string}"},"query-input":{"@type":"PropertyValueSpecification","valueRequired":true,"valueName":"search_term_string"}}],"inLanguage":"en-US"},{"@type":"Organization","@id":"https:\/\/blindside.mx\/#organization","name":"woo mod checkout","url":"https:\/\/blindside.mx\/","logo":{"@type":"ImageObject","inLanguage":"en-US","@id":"https:\/\/blindside.mx\/#\/schema\/logo\/image\/","url":"https:\/\/blindside.mx\/wp-content\/uploads\/2024\/10\/42650947.png","contentUrl":"https:\/\/blindside.mx\/wp-content\/uploads\/2024\/10\/42650947.png","width":345,"height":345,"caption":"woo mod checkout"},"image":{"@id":"https:\/\/blindside.mx\/#\/schema\/logo\/image\/"}}]}},"_links":{"self":[{"href":"https:\/\/blindside.mx\/en\/wp-json\/wp\/v2\/pages\/2","targetHints":{"allow":["GET"]}}],"collection":[{"href":"https:\/\/blindside.mx\/en\/wp-json\/wp\/v2\/pages"}],"about":[{"href":"https:\/\/blindside.mx\/en\/wp-json\/wp\/v2\/types\/page"}],"author":[{"embeddable":true,"href":"https:\/\/blindside.mx\/en\/wp-json\/wp\/v2\/users\/1"}],"replies":[{"embeddable":true,"href":"https:\/\/blindside.mx\/en\/wp-json\/wp\/v2\/comments?post=2"}],"version-history":[{"count":4,"href":"https:\/\/blindside.mx\/en\/wp-json\/wp\/v2\/pages\/2\/revisions"}],"predecessor-version":[{"id":493,"href":"https:\/\/blindside.mx\/en\/wp-json\/wp\/v2\/pages\/2\/revisions\/493"}],"wp:featuredmedia":[{"embeddable":true,"href":"https:\/\/blindside.mx\/en\/wp-json\/wp\/v2\/media\/492"}],"wp:attachment":[{"href":"https:\/\/blindside.mx\/en\/wp-json\/wp\/v2\/media?parent=2"}],"curies":[{"name":"wp","href":"https:\/\/api.w.org\/{rel}","templated":true}]}}